{"id":2322,"date":"2017-10-02T02:53:48","date_gmt":"2017-10-02T02:53:48","guid":{"rendered":"https:\/\/fintrade.al\/ujesjelles-kanalizime-dhe-wwts\/"},"modified":"2022-05-03T22:50:13","modified_gmt":"2022-05-03T22:50:13","slug":"ujesjelles-kanalizime-dhe-wwts","status":"publish","type":"page","link":"https:\/\/fintrade.al\/sq\/ujesjelles-kanalizime-dhe-wwts\/","title":{"rendered":"UJ\u00cbSJ\u00cbLLES-KANALIZIME DHE WWTS"},"content":{"rendered":"<p>[vc_row][vc_column width=&#8221;2\/3&#8243;][vc_single_image image=&#8221;2485&#8243; img_size=&#8221;1280&#215;600&#8243;][vc_empty_space height=&#8221;10px&#8221;][\/vc_column][vc_column width=&#8221;1\/3&#8243;][vc_column_text]<br \/>\nUj\u00ebsjell\u00ebs Kanalizime dhe WWTS \u00ebsht\u00eb nj\u00eb nga departamentet m\u00eb dinamike n\u00eb Fintrade, kujdeset p\u00ebr blerjen dhe shitjen e t\u00eb gjitha llojeve t\u00eb materialeve p\u00ebr uj\u00ebrat e zeza dhe t\u00eb pijsh\u00ebm, impiantet e trajtimit t\u00eb uj\u00ebrave t\u00eb zeza, furnizimin me uj\u00eb, pompat e ujit, makinerit\u00eb e bashkimit si psh. tuba, mat\u00ebs uji dhe t\u00eb gjitha llojet e materialeve t\u00eb p\u00ebrdorura n\u00eb trajtimin e ujit si tuba, valvola, pajisje dhe t\u00eb gjitha materialet mb\u00ebshtet\u00ebse p\u00ebr k\u00ebt\u00eb sektor.[\/vc_column_text][vc_empty_space height=&#8221;40px&#8221;][\/vc_column][\/vc_row][vc_row][vc_column][vc_separator color=&#8221;custom&#8221; accent_color=&#8221;rgba(2,6,32,0.1)&#8221;][vc_empty_space height=&#8221;50px&#8221;][\/vc_column][\/vc_row][vc_row][vc_column][vc_separator color=&#8221;custom&#8221; accent_color=&#8221;rgba(2,6,32,0.1)&#8221;][vc_empty_space height=&#8221;50px&#8221;][\/vc_column][\/vc_row][vc_row][vc_column width=&#8221;1\/4&#8243;][vc_custom_heading text=&#8221;UJ\u00cbSJ\u00cbLLES-KANALIZIME DHE WWTS&#8221; font_container=&#8221;tag:h3|text_align:left&#8221; use_theme_fonts=&#8221;yes&#8221;][vc_empty_space height=&#8221;20px&#8221;][\/vc_column][vc_column width=&#8221;3\/4&#8243;][vc_column_text]Fintrade ka furnizuar me sukses disa nga projektet m\u00eb t\u00eb r\u00ebnd\u00ebsishme n\u00eb Shqip\u00ebri dhe ka nj\u00eb bashk\u00ebpunim t\u00eb suksessh\u00ebm me kompanit\u00eb m\u00eb t\u00eb m\u00ebdha n\u00eb k\u00ebt\u00eb sektor. Klient\u00ebt tan\u00eb kan\u00eb p\u00ebrfituar nga sh\u00ebrbimet e produkteve tona dhe kan\u00eb arritur t\u00eb kursejn\u00eb kosto t\u00eb r\u00ebnd\u00ebsishme, duke ruajtur t\u00eb nj\u00ebjtin nivel t\u00eb cil\u00ebsis\u00eb dhe k\u00ebrkesave teknike n\u00eb projektet e tyre. Q\u00ebllimi yn\u00eb \u00ebsht\u00eb t\u00eb nd\u00ebrtojm\u00eb nj\u00eb marr\u00ebdh\u00ebnie afatgjat\u00eb me klient\u00ebt dhe partner\u00ebt tan\u00eb, bazuar n\u00eb besimin dhe interesin reciprok.<\/p>\n<p>Fuqia jon\u00eb bazohet n\u00eb stafin ton\u00eb dhe n\u00eb partner\u00ebt tan\u00eb.[\/vc_column_text][vc_empty_space height=&#8221;30px&#8221;][\/vc_column][\/vc_row]<\/p>\n","protected":false},"excerpt":{"rendered":"<p>[vc_row][vc_column width=&#8221;2\/3&#8243;][vc_single_image image=&#8221;2485&#8243; img_size=&#8221;1280&#215;600&#8243;][vc_empty_space height=&#8221;10px&#8221;][\/vc_column][vc_column width=&#8221;1\/3&#8243;][vc_column_text] Uj\u00ebsjell\u00ebs Kanalizime dhe WWTS \u00ebsht\u00eb nj\u00eb nga departamentet m\u00eb dinamike n\u00eb Fintrade, kujdeset p\u00ebr blerjen dhe shitjen e t\u00eb gjitha llojeve t\u00eb materialeve p\u00ebr uj\u00ebrat e zeza dhe t\u00eb pijsh\u00ebm, impiantet e trajtimit t\u00eb uj\u00ebrave t\u00eb zeza, furnizimin me uj\u00eb, pompat e ujit, makinerit\u00eb e bashkimit si psh. tuba, [&hellip;]<\/p>\n","protected":false},"author":1,"featured_media":0,"parent":0,"menu_order":0,"comment_status":"closed","ping_status":"closed","template":"","meta":[],"acf":[],"yoast_head":"\n<title>UJ\u00cbSJ\u00cbLLES-KANALIZIME DHE WWTS - Fintrade<\/title>\n<meta name=\"description\" content=\"FINTRADE ltd is an Albanian company located in Tirana, with over seven years of successful business experience in the market. Highly ambitious as a company, it aims to supply and support the Albanian and Kosovo market with innovative and high-quality products and solutions in the following industries, Civil Works &amp; Infrastructure, Power Solutions, Water &amp; Waste Water Treatment Systems, Machinery &amp; Equipment.\" \/>\n<meta name=\"robots\" content=\"index, follow, max-snippet:-1, max-image-preview:large, max-video-preview:-1\" \/>\n<link rel=\"canonical\" href=\"https:\/\/fintrade.al\/sq\/ujesjelles-kanalizime-dhe-wwts\/\" \/>\n<meta property=\"og:locale\" content=\"sq_AL\" \/>\n<meta property=\"og:type\" content=\"article\" \/>\n<meta property=\"og:title\" content=\"UJ\u00cbSJ\u00cbLLES-KANALIZIME DHE WWTS - Fintrade\" \/>\n<meta property=\"og:description\" content=\"FINTRADE ltd is an Albanian company located in Tirana, with over seven years of successful business experience in the market. Highly ambitious as a company, it aims to supply and support the Albanian and Kosovo market with innovative and high-quality products and solutions in the following industries, Civil Works &amp; Infrastructure, Power Solutions, Water &amp; Waste Water Treatment Systems, Machinery &amp; Equipment.\" \/>\n<meta property=\"og:url\" content=\"https:\/\/fintrade.al\/sq\/ujesjelles-kanalizime-dhe-wwts\/\" \/>\n<meta property=\"og:site_name\" content=\"Fintrade\" \/>\n<meta property=\"article:modified_time\" content=\"2022-05-03T22:50:13+00:00\" \/>\n<meta name=\"twitter:card\" content=\"summary_large_image\" \/>\n<meta name=\"twitter:label1\" content=\"Est. reading time\" \/>\n\t<meta name=\"twitter:data1\" content=\"1 minute\" \/>\n<script type=\"application\/ld+json\" class=\"yoast-schema-graph\">{\"@context\":\"https:\/\/schema.org\",\"@graph\":[{\"@type\":\"WebPage\",\"@id\":\"https:\/\/fintrade.al\/sq\/ujesjelles-kanalizime-dhe-wwts\/\",\"url\":\"https:\/\/fintrade.al\/sq\/ujesjelles-kanalizime-dhe-wwts\/\",\"name\":\"UJ\u00cbSJ\u00cbLLES-KANALIZIME DHE WWTS - Fintrade\",\"isPartOf\":{\"@id\":\"https:\/\/fintrade.al\/#website\"},\"datePublished\":\"2017-10-02T02:53:48+00:00\",\"dateModified\":\"2022-05-03T22:50:13+00:00\",\"description\":\"FINTRADE ltd is an Albanian company located in Tirana, with over seven years of successful business experience in the market. Highly ambitious as a company, it aims to supply and support the Albanian and Kosovo market with innovative and high-quality products and solutions in the following industries, Civil Works & Infrastructure, Power Solutions, Water & Waste Water Treatment Systems, Machinery & Equipment.\",\"breadcrumb\":{\"@id\":\"https:\/\/fintrade.al\/sq\/ujesjelles-kanalizime-dhe-wwts\/#breadcrumb\"},\"inLanguage\":\"sq-AL\",\"potentialAction\":[{\"@type\":\"ReadAction\",\"target\":[\"https:\/\/fintrade.al\/sq\/ujesjelles-kanalizime-dhe-wwts\/\"]}]},{\"@type\":\"BreadcrumbList\",\"@id\":\"https:\/\/fintrade.al\/sq\/ujesjelles-kanalizime-dhe-wwts\/#breadcrumb\",\"itemListElement\":[{\"@type\":\"ListItem\",\"position\":1,\"name\":\"Home\",\"item\":\"https:\/\/fintrade.al\/sq\/kreu\/\"},{\"@type\":\"ListItem\",\"position\":2,\"name\":\"UJ\u00cbSJ\u00cbLLES-KANALIZIME DHE WWTS\"}]},{\"@type\":\"WebSite\",\"@id\":\"https:\/\/fintrade.al\/#website\",\"url\":\"https:\/\/fintrade.al\/\",\"name\":\"Fintrade\",\"description\":\"Turnkey Solution \u2013 Investment \u2013 Services\",\"publisher\":{\"@id\":\"https:\/\/fintrade.al\/#organization\"},\"potentialAction\":[{\"@type\":\"SearchAction\",\"target\":{\"@type\":\"EntryPoint\",\"urlTemplate\":\"https:\/\/fintrade.al\/?s={search_term_string}\"},\"query-input\":\"required name=search_term_string\"}],\"inLanguage\":\"sq-AL\"},{\"@type\":\"Organization\",\"@id\":\"https:\/\/fintrade.al\/#organization\",\"name\":\"Fintrade Albania\",\"url\":\"https:\/\/fintrade.al\/\",\"logo\":{\"@type\":\"ImageObject\",\"inLanguage\":\"sq-AL\",\"@id\":\"https:\/\/fintrade.al\/#\/schema\/logo\/image\/\",\"url\":\"https:\/\/fintrade.al\/media\/2022\/02\/fintrade-logo-160x50-1.png\",\"contentUrl\":\"https:\/\/fintrade.al\/media\/2022\/02\/fintrade-logo-160x50-1.png\",\"width\":160,\"height\":50,\"caption\":\"Fintrade Albania\"},\"image\":{\"@id\":\"https:\/\/fintrade.al\/#\/schema\/logo\/image\/\"}}]}<\/script>\n","yoast_head_json":{"title":"UJ\u00cbSJ\u00cbLLES-KANALIZIME DHE WWTS - Fintrade","description":"FINTRADE ltd is an Albanian company located in Tirana, with over seven years of successful business experience in the market. Highly ambitious as a company, it aims to supply and support the Albanian and Kosovo market with innovative and high-quality products and solutions in the following industries, Civil Works & Infrastructure, Power Solutions, Water & Waste Water Treatment Systems, Machinery & Equipment.","robots":{"index":"index","follow":"follow","max-snippet":"max-snippet:-1","max-image-preview":"max-image-preview:large","max-video-preview":"max-video-preview:-1"},"canonical":"https:\/\/fintrade.al\/sq\/ujesjelles-kanalizime-dhe-wwts\/","og_locale":"sq_AL","og_type":"article","og_title":"UJ\u00cbSJ\u00cbLLES-KANALIZIME DHE WWTS - Fintrade","og_description":"FINTRADE ltd is an Albanian company located in Tirana, with over seven years of successful business experience in the market. Highly ambitious as a company, it aims to supply and support the Albanian and Kosovo market with innovative and high-quality products and solutions in the following industries, Civil Works & Infrastructure, Power Solutions, Water & Waste Water Treatment Systems, Machinery & Equipment.","og_url":"https:\/\/fintrade.al\/sq\/ujesjelles-kanalizime-dhe-wwts\/","og_site_name":"Fintrade","article_modified_time":"2022-05-03T22:50:13+00:00","twitter_card":"summary_large_image","twitter_misc":{"Est. reading time":"1 minute"},"schema":{"@context":"https:\/\/schema.org","@graph":[{"@type":"WebPage","@id":"https:\/\/fintrade.al\/sq\/ujesjelles-kanalizime-dhe-wwts\/","url":"https:\/\/fintrade.al\/sq\/ujesjelles-kanalizime-dhe-wwts\/","name":"UJ\u00cbSJ\u00cbLLES-KANALIZIME DHE WWTS - Fintrade","isPartOf":{"@id":"https:\/\/fintrade.al\/#website"},"datePublished":"2017-10-02T02:53:48+00:00","dateModified":"2022-05-03T22:50:13+00:00","description":"FINTRADE ltd is an Albanian company located in Tirana, with over seven years of successful business experience in the market. Highly ambitious as a company, it aims to supply and support the Albanian and Kosovo market with innovative and high-quality products and solutions in the following industries, Civil Works & Infrastructure, Power Solutions, Water & Waste Water Treatment Systems, Machinery & Equipment.","breadcrumb":{"@id":"https:\/\/fintrade.al\/sq\/ujesjelles-kanalizime-dhe-wwts\/#breadcrumb"},"inLanguage":"sq-AL","potentialAction":[{"@type":"ReadAction","target":["https:\/\/fintrade.al\/sq\/ujesjelles-kanalizime-dhe-wwts\/"]}]},{"@type":"BreadcrumbList","@id":"https:\/\/fintrade.al\/sq\/ujesjelles-kanalizime-dhe-wwts\/#breadcrumb","itemListElement":[{"@type":"ListItem","position":1,"name":"Home","item":"https:\/\/fintrade.al\/sq\/kreu\/"},{"@type":"ListItem","position":2,"name":"UJ\u00cbSJ\u00cbLLES-KANALIZIME DHE WWTS"}]},{"@type":"WebSite","@id":"https:\/\/fintrade.al\/#website","url":"https:\/\/fintrade.al\/","name":"Fintrade","description":"Turnkey Solution \u2013 Investment \u2013 Services","publisher":{"@id":"https:\/\/fintrade.al\/#organization"},"potentialAction":[{"@type":"SearchAction","target":{"@type":"EntryPoint","urlTemplate":"https:\/\/fintrade.al\/?s={search_term_string}"},"query-input":"required name=search_term_string"}],"inLanguage":"sq-AL"},{"@type":"Organization","@id":"https:\/\/fintrade.al\/#organization","name":"Fintrade Albania","url":"https:\/\/fintrade.al\/","logo":{"@type":"ImageObject","inLanguage":"sq-AL","@id":"https:\/\/fintrade.al\/#\/schema\/logo\/image\/","url":"https:\/\/fintrade.al\/media\/2022\/02\/fintrade-logo-160x50-1.png","contentUrl":"https:\/\/fintrade.al\/media\/2022\/02\/fintrade-logo-160x50-1.png","width":160,"height":50,"caption":"Fintrade Albania"},"image":{"@id":"https:\/\/fintrade.al\/#\/schema\/logo\/image\/"}}]}},"_links":{"self":[{"href":"https:\/\/fintrade.al\/sq\/wp-json\/wp\/v2\/pages\/2322"}],"collection":[{"href":"https:\/\/fintrade.al\/sq\/wp-json\/wp\/v2\/pages"}],"about":[{"href":"https:\/\/fintrade.al\/sq\/wp-json\/wp\/v2\/types\/page"}],"author":[{"embeddable":true,"href":"https:\/\/fintrade.al\/sq\/wp-json\/wp\/v2\/users\/1"}],"replies":[{"embeddable":true,"href":"https:\/\/fintrade.al\/sq\/wp-json\/wp\/v2\/comments?post=2322"}],"version-history":[{"count":4,"href":"https:\/\/fintrade.al\/sq\/wp-json\/wp\/v2\/pages\/2322\/revisions"}],"predecessor-version":[{"id":2487,"href":"https:\/\/fintrade.al\/sq\/wp-json\/wp\/v2\/pages\/2322\/revisions\/2487"}],"wp:attachment":[{"href":"https:\/\/fintrade.al\/sq\/wp-json\/wp\/v2\/media?parent=2322"}],"curies":[{"name":"wp","href":"https:\/\/api.w.org\/{rel}","templated":true}]}}