{"id":2326,"date":"2017-10-02T02:55:16","date_gmt":"2017-10-02T02:55:16","guid":{"rendered":"https:\/\/fintrade.al\/pune-civile-infrastrukture\/"},"modified":"2022-05-05T09:50:58","modified_gmt":"2022-05-05T09:50:58","slug":"punime-civile-infrastrukture","status":"publish","type":"page","link":"https:\/\/fintrade.al\/sq\/punime-civile-infrastrukture\/","title":{"rendered":"PUNIME CIVILE &#038; INFRASTRUKTURE"},"content":{"rendered":"<p>[vc_row][vc_column width=&#8221;1\/2&#8243;][vc_single_image image=&#8221;2280&#8243; img_size=&#8221;1280&#215;600&#8243;][vc_empty_space height=&#8221;10px&#8221;][\/vc_column][vc_column width=&#8221;1\/2&#8243;][vc_column_text]<br \/>\nDepartamenti i Infrastruktur\u00ebs \u00ebsht\u00eb pjes\u00eb dinamike e Fintrade ltd, e specializuar n\u00eb prokurimin\/furnizimin e materialeve t\u00eb industrive t\u00eb ndryshme si:<\/p>\n<p>Punimet Civile dhe Infrastruktura (pajisjet e rrug\u00ebve dhe urave, gjeotrajtimi, profilet e \u00e7elikut, skelat, veglat, bulona, \u200b\u200brondele me dado, etj.)<\/p>\n<p>Klient\u00ebt tan\u00eb jan\u00eb Shoq\u00ebri Nd\u00ebrtimi, Subjekte Publike, Industri, Shoq\u00ebri Tregtare. Ne u ofrojm\u00eb \u00e7mime cil\u00ebsore, konkurruese nga prodhuesit m\u00eb t\u00eb kualifikuar nd\u00ebrkomb\u00ebtar\u00eb dhe u sigurojm\u00eb atyre p\u00ebrvoj\u00ebn m\u00eb t\u00eb mir\u00eb tregtare.[\/vc_column_text][vc_empty_space height=&#8221;40px&#8221;][\/vc_column][\/vc_row][vc_row][vc_column][vc_separator color=&#8221;custom&#8221; accent_color=&#8221;rgba(2,6,32,0.1)&#8221;][vc_empty_space height=&#8221;50px&#8221;][\/vc_column][\/vc_row][vc_row][vc_column][vc_separator color=&#8221;custom&#8221; accent_color=&#8221;rgba(2,6,32,0.1)&#8221;][vc_empty_space height=&#8221;50px&#8221;][\/vc_column][\/vc_row][vc_row][vc_column width=&#8221;1\/4&#8243;][vc_custom_heading text=&#8221; PUN\u00cb CIVILE &amp; INFRASTRUKTUR\u00cb&#8221; font_container=&#8221;tag:h3|text_align:left&#8221; use_theme_fonts=&#8221;yes&#8221;][vc_empty_space height=&#8221;20px&#8221;][\/vc_column][vc_column width=&#8221;3\/4&#8243;][vc_column_text]Duke ofruar nj\u00eb gam\u00eb t\u00eb gjer\u00eb produktesh, synimi yn\u00eb \u00ebsht\u00eb t\u00eb p\u00ebrmbushim nevojat e klient\u00ebve p\u00ebr materiale cil\u00ebsore. Ekipi yn\u00eb teknik me inxhinier\u00eb t\u00eb specializuar sipas fush\u00ebs s\u00eb ekspertiz\u00ebs, asiston projektin ton\u00eb dhe nevojat teknike t\u00eb klient\u00ebve duke ofruar zgjidhjen e duhur p\u00ebr ta.<\/p>\n<p>Fintrade ka furnizuar me sukses disa nga projektet m\u00eb t\u00eb r\u00ebnd\u00ebsishme n\u00eb Shqip\u00ebri dhe jasht\u00eb saj, duke p\u00ebrfituar nga menaxhimi i mir\u00eb i partner\u00ebve, optimizimi i kostos dhe strategjia konkurruese e \u00e7mimeve. Klient\u00ebt tan\u00eb kan\u00eb p\u00ebrfituar nga sh\u00ebrbimet tona t\u00eb prokurimit dhe kan\u00eb arritur t\u00eb kursejn\u00eb kosto t\u00eb r\u00ebnd\u00ebsishme, duke ruajtur t\u00eb nj\u00ebjtin nivel cil\u00ebsie dhe k\u00ebrkesash teknike n\u00eb projektet e tyre.<\/p>\n<p>Q\u00ebllimi yn\u00eb \u00ebsht\u00eb t\u00eb nd\u00ebrtojm\u00eb nj\u00eb marr\u00ebdh\u00ebnie afatgjat\u00eb me klient\u00ebt dhe partner\u00ebt tan\u00eb, bazuar n\u00eb besimin dhe interesin reciprok.[\/vc_column_text][vc_empty_space height=&#8221;30px&#8221;][\/vc_column][\/vc_row]<\/p>\n","protected":false},"excerpt":{"rendered":"<p>[vc_row][vc_column width=&#8221;1\/2&#8243;][vc_single_image image=&#8221;2280&#8243; img_size=&#8221;1280&#215;600&#8243;][vc_empty_space height=&#8221;10px&#8221;][\/vc_column][vc_column width=&#8221;1\/2&#8243;][vc_column_text] Departamenti i Infrastruktur\u00ebs \u00ebsht\u00eb pjes\u00eb dinamike e Fintrade ltd, e specializuar n\u00eb prokurimin\/furnizimin e materialeve t\u00eb industrive t\u00eb ndryshme si: Punimet Civile dhe Infrastruktura (pajisjet e rrug\u00ebve dhe urave, gjeotrajtimi, profilet e \u00e7elikut, skelat, veglat, bulona, \u200b\u200brondele me dado, etj.) Klient\u00ebt tan\u00eb jan\u00eb Shoq\u00ebri Nd\u00ebrtimi, Subjekte Publike, Industri, Shoq\u00ebri [&hellip;]<\/p>\n","protected":false},"author":1,"featured_media":0,"parent":0,"menu_order":0,"comment_status":"closed","ping_status":"closed","template":"","meta":[],"acf":[],"yoast_head":"\n<title>PUNIME CIVILE &amp; INFRASTRUKTURE - Fintrade<\/title>\n<meta name=\"description\" content=\"FINTRADE ltd is an Albanian company located in Tirana, with over seven years of successful business experience in the market. Highly ambitious as a company, it aims to supply and support the Albanian and Kosovo market with innovative and high-quality products and solutions in the following industries, Civil Works &amp; Infrastructure, Power Solutions, Water &amp; Waste Water Treatment Systems, Machinery &amp; Equipment.\" \/>\n<meta name=\"robots\" content=\"index, follow, max-snippet:-1, max-image-preview:large, max-video-preview:-1\" \/>\n<link rel=\"canonical\" href=\"https:\/\/fintrade.al\/sq\/punime-civile-infrastrukture\/\" \/>\n<meta property=\"og:locale\" content=\"sq_AL\" \/>\n<meta property=\"og:type\" content=\"article\" \/>\n<meta property=\"og:title\" content=\"PUNIME CIVILE &amp; INFRASTRUKTURE - Fintrade\" \/>\n<meta property=\"og:description\" content=\"FINTRADE ltd is an Albanian company located in Tirana, with over seven years of successful business experience in the market. Highly ambitious as a company, it aims to supply and support the Albanian and Kosovo market with innovative and high-quality products and solutions in the following industries, Civil Works &amp; Infrastructure, Power Solutions, Water &amp; Waste Water Treatment Systems, Machinery &amp; Equipment.\" \/>\n<meta property=\"og:url\" content=\"https:\/\/fintrade.al\/sq\/punime-civile-infrastrukture\/\" \/>\n<meta property=\"og:site_name\" content=\"Fintrade\" \/>\n<meta property=\"article:modified_time\" content=\"2022-05-05T09:50:58+00:00\" \/>\n<meta name=\"twitter:card\" content=\"summary_large_image\" \/>\n<meta name=\"twitter:label1\" content=\"Est. reading time\" \/>\n\t<meta name=\"twitter:data1\" content=\"1 minute\" \/>\n<script type=\"application\/ld+json\" class=\"yoast-schema-graph\">{\"@context\":\"https:\/\/schema.org\",\"@graph\":[{\"@type\":\"WebPage\",\"@id\":\"https:\/\/fintrade.al\/sq\/punime-civile-infrastrukture\/\",\"url\":\"https:\/\/fintrade.al\/sq\/punime-civile-infrastrukture\/\",\"name\":\"PUNIME CIVILE & INFRASTRUKTURE - Fintrade\",\"isPartOf\":{\"@id\":\"https:\/\/fintrade.al\/#website\"},\"datePublished\":\"2017-10-02T02:55:16+00:00\",\"dateModified\":\"2022-05-05T09:50:58+00:00\",\"description\":\"FINTRADE ltd is an Albanian company located in Tirana, with over seven years of successful business experience in the market. Highly ambitious as a company, it aims to supply and support the Albanian and Kosovo market with innovative and high-quality products and solutions in the following industries, Civil Works & Infrastructure, Power Solutions, Water & Waste Water Treatment Systems, Machinery & Equipment.\",\"breadcrumb\":{\"@id\":\"https:\/\/fintrade.al\/sq\/punime-civile-infrastrukture\/#breadcrumb\"},\"inLanguage\":\"sq-AL\",\"potentialAction\":[{\"@type\":\"ReadAction\",\"target\":[\"https:\/\/fintrade.al\/sq\/punime-civile-infrastrukture\/\"]}]},{\"@type\":\"BreadcrumbList\",\"@id\":\"https:\/\/fintrade.al\/sq\/punime-civile-infrastrukture\/#breadcrumb\",\"itemListElement\":[{\"@type\":\"ListItem\",\"position\":1,\"name\":\"Home\",\"item\":\"https:\/\/fintrade.al\/sq\/kreu\/\"},{\"@type\":\"ListItem\",\"position\":2,\"name\":\"PUNIME CIVILE &#038; INFRASTRUKTURE\"}]},{\"@type\":\"WebSite\",\"@id\":\"https:\/\/fintrade.al\/#website\",\"url\":\"https:\/\/fintrade.al\/\",\"name\":\"Fintrade\",\"description\":\"Turnkey Solution \u2013 Investment \u2013 Services\",\"publisher\":{\"@id\":\"https:\/\/fintrade.al\/#organization\"},\"potentialAction\":[{\"@type\":\"SearchAction\",\"target\":{\"@type\":\"EntryPoint\",\"urlTemplate\":\"https:\/\/fintrade.al\/?s={search_term_string}\"},\"query-input\":\"required name=search_term_string\"}],\"inLanguage\":\"sq-AL\"},{\"@type\":\"Organization\",\"@id\":\"https:\/\/fintrade.al\/#organization\",\"name\":\"Fintrade Albania\",\"url\":\"https:\/\/fintrade.al\/\",\"logo\":{\"@type\":\"ImageObject\",\"inLanguage\":\"sq-AL\",\"@id\":\"https:\/\/fintrade.al\/#\/schema\/logo\/image\/\",\"url\":\"https:\/\/fintrade.al\/media\/2022\/02\/fintrade-logo-160x50-1.png\",\"contentUrl\":\"https:\/\/fintrade.al\/media\/2022\/02\/fintrade-logo-160x50-1.png\",\"width\":160,\"height\":50,\"caption\":\"Fintrade Albania\"},\"image\":{\"@id\":\"https:\/\/fintrade.al\/#\/schema\/logo\/image\/\"}}]}<\/script>\n","yoast_head_json":{"title":"PUNIME CIVILE & INFRASTRUKTURE - Fintrade","description":"FINTRADE ltd is an Albanian company located in Tirana, with over seven years of successful business experience in the market. Highly ambitious as a company, it aims to supply and support the Albanian and Kosovo market with innovative and high-quality products and solutions in the following industries, Civil Works & Infrastructure, Power Solutions, Water & Waste Water Treatment Systems, Machinery & Equipment.","robots":{"index":"index","follow":"follow","max-snippet":"max-snippet:-1","max-image-preview":"max-image-preview:large","max-video-preview":"max-video-preview:-1"},"canonical":"https:\/\/fintrade.al\/sq\/punime-civile-infrastrukture\/","og_locale":"sq_AL","og_type":"article","og_title":"PUNIME CIVILE & INFRASTRUKTURE - Fintrade","og_description":"FINTRADE ltd is an Albanian company located in Tirana, with over seven years of successful business experience in the market. Highly ambitious as a company, it aims to supply and support the Albanian and Kosovo market with innovative and high-quality products and solutions in the following industries, Civil Works & Infrastructure, Power Solutions, Water & Waste Water Treatment Systems, Machinery & Equipment.","og_url":"https:\/\/fintrade.al\/sq\/punime-civile-infrastrukture\/","og_site_name":"Fintrade","article_modified_time":"2022-05-05T09:50:58+00:00","twitter_card":"summary_large_image","twitter_misc":{"Est. reading time":"1 minute"},"schema":{"@context":"https:\/\/schema.org","@graph":[{"@type":"WebPage","@id":"https:\/\/fintrade.al\/sq\/punime-civile-infrastrukture\/","url":"https:\/\/fintrade.al\/sq\/punime-civile-infrastrukture\/","name":"PUNIME CIVILE & INFRASTRUKTURE - Fintrade","isPartOf":{"@id":"https:\/\/fintrade.al\/#website"},"datePublished":"2017-10-02T02:55:16+00:00","dateModified":"2022-05-05T09:50:58+00:00","description":"FINTRADE ltd is an Albanian company located in Tirana, with over seven years of successful business experience in the market. Highly ambitious as a company, it aims to supply and support the Albanian and Kosovo market with innovative and high-quality products and solutions in the following industries, Civil Works & Infrastructure, Power Solutions, Water & Waste Water Treatment Systems, Machinery & Equipment.","breadcrumb":{"@id":"https:\/\/fintrade.al\/sq\/punime-civile-infrastrukture\/#breadcrumb"},"inLanguage":"sq-AL","potentialAction":[{"@type":"ReadAction","target":["https:\/\/fintrade.al\/sq\/punime-civile-infrastrukture\/"]}]},{"@type":"BreadcrumbList","@id":"https:\/\/fintrade.al\/sq\/punime-civile-infrastrukture\/#breadcrumb","itemListElement":[{"@type":"ListItem","position":1,"name":"Home","item":"https:\/\/fintrade.al\/sq\/kreu\/"},{"@type":"ListItem","position":2,"name":"PUNIME CIVILE &#038; INFRASTRUKTURE"}]},{"@type":"WebSite","@id":"https:\/\/fintrade.al\/#website","url":"https:\/\/fintrade.al\/","name":"Fintrade","description":"Turnkey Solution \u2013 Investment \u2013 Services","publisher":{"@id":"https:\/\/fintrade.al\/#organization"},"potentialAction":[{"@type":"SearchAction","target":{"@type":"EntryPoint","urlTemplate":"https:\/\/fintrade.al\/?s={search_term_string}"},"query-input":"required name=search_term_string"}],"inLanguage":"sq-AL"},{"@type":"Organization","@id":"https:\/\/fintrade.al\/#organization","name":"Fintrade Albania","url":"https:\/\/fintrade.al\/","logo":{"@type":"ImageObject","inLanguage":"sq-AL","@id":"https:\/\/fintrade.al\/#\/schema\/logo\/image\/","url":"https:\/\/fintrade.al\/media\/2022\/02\/fintrade-logo-160x50-1.png","contentUrl":"https:\/\/fintrade.al\/media\/2022\/02\/fintrade-logo-160x50-1.png","width":160,"height":50,"caption":"Fintrade Albania"},"image":{"@id":"https:\/\/fintrade.al\/#\/schema\/logo\/image\/"}}]}},"_links":{"self":[{"href":"https:\/\/fintrade.al\/sq\/wp-json\/wp\/v2\/pages\/2326"}],"collection":[{"href":"https:\/\/fintrade.al\/sq\/wp-json\/wp\/v2\/pages"}],"about":[{"href":"https:\/\/fintrade.al\/sq\/wp-json\/wp\/v2\/types\/page"}],"author":[{"embeddable":true,"href":"https:\/\/fintrade.al\/sq\/wp-json\/wp\/v2\/users\/1"}],"replies":[{"embeddable":true,"href":"https:\/\/fintrade.al\/sq\/wp-json\/wp\/v2\/comments?post=2326"}],"version-history":[{"count":5,"href":"https:\/\/fintrade.al\/sq\/wp-json\/wp\/v2\/pages\/2326\/revisions"}],"predecessor-version":[{"id":2546,"href":"https:\/\/fintrade.al\/sq\/wp-json\/wp\/v2\/pages\/2326\/revisions\/2546"}],"wp:attachment":[{"href":"https:\/\/fintrade.al\/sq\/wp-json\/wp\/v2\/media?parent=2326"}],"curies":[{"name":"wp","href":"https:\/\/api.w.org\/{rel}","templated":true}]}}