{"id":2334,"date":"2017-10-02T02:55:41","date_gmt":"2017-10-02T02:55:41","guid":{"rendered":"https:\/\/fintrade.al\/makineri-pajisje\/"},"modified":"2022-03-16T14:32:09","modified_gmt":"2022-03-16T14:32:09","slug":"makineri-pajisje","status":"publish","type":"page","link":"https:\/\/fintrade.al\/sq\/makineri-pajisje\/","title":{"rendered":"MAKINERI &#038; PAJISJE"},"content":{"rendered":"<p>[vc_row][vc_column width=&#8221;1\/2&#8243;][vc_single_image image=&#8221;2279&#8243; img_size=&#8221;1280&#215;600&#8243;][vc_empty_space height=&#8221;10px&#8221;][\/vc_column][vc_column width=&#8221;1\/2&#8243;][vc_empty_space height=&#8221;40px&#8221;][vc_column_text]Sh\u00ebrbimi i Makineri dhe Pajisje specializohen n\u00eb shitjen, sh\u00ebrbimin dhe marketingun e produkteve inovative t\u00eb transportit dhe pastrimit t\u00eb plehrave, vakumit dhe teknologjis\u00eb me presion t\u00eb lart\u00eb p\u00ebr pastrimin e kanalizimeve dhe ujit, Vin\u00e7at hidraulik\u00eb dhe makinerit\u00eb e p\u00ebrpunimit t\u00eb metaleve, makin\u00eb saldimi, vegla pune, materiale harxhuese material etj.<\/p>\n<p>Q\u00ebllimi yn\u00eb \u00ebsht\u00eb:<\/p>\n<p>P\u00ebr t\u00eb kuptuar m\u00eb mir\u00eb nevojat e klientit p\u00ebr t\u00eb optimizuar vler\u00ebn e zgjidhjeve t\u00eb ofruara.<br \/>\nP\u00ebr t\u00eb p\u00ebrmbushur k\u00ebrkesat e klient\u00ebve me makineri dhe pajisje cil\u00ebsore.<br \/>\nP\u00ebr t\u00eb k\u00ebnaqur k\u00ebrkesat e tregut t\u00eb ri.<br \/>\n[\/vc_column_text][vc_empty_space height=&#8221;40px&#8221;][\/vc_column][\/vc_row][vc_row][vc_column][vc_separator color=&#8221;custom&#8221; accent_color=&#8221;rgba(2,6,32,0.1)&#8221;][vc_empty_space height=&#8221;50px&#8221;][\/vc_column][\/vc_row]<\/p>\n","protected":false},"excerpt":{"rendered":"<p>[vc_row][vc_column width=&#8221;1\/2&#8243;][vc_single_image image=&#8221;2279&#8243; img_size=&#8221;1280&#215;600&#8243;][vc_empty_space height=&#8221;10px&#8221;][\/vc_column][vc_column width=&#8221;1\/2&#8243;][vc_empty_space height=&#8221;40px&#8221;][vc_column_text]Sh\u00ebrbimi i Makineri dhe Pajisje specializohen n\u00eb shitjen, sh\u00ebrbimin dhe marketingun e produkteve inovative t\u00eb transportit dhe pastrimit t\u00eb plehrave, vakumit dhe teknologjis\u00eb me presion t\u00eb lart\u00eb p\u00ebr pastrimin e kanalizimeve dhe ujit, Vin\u00e7at hidraulik\u00eb dhe makinerit\u00eb e p\u00ebrpunimit t\u00eb metaleve, makin\u00eb saldimi, vegla pune, materiale harxhuese material etj. [&hellip;]<\/p>\n","protected":false},"author":1,"featured_media":0,"parent":0,"menu_order":0,"comment_status":"closed","ping_status":"closed","template":"","meta":[],"acf":[],"yoast_head":"\n<title>MAKINERI &amp; PAJISJE - Fintrade<\/title>\n<meta name=\"description\" content=\"FINTRADE ltd is an Albanian company located in Tirana, with over seven years of successful business experience in the market. Highly ambitious as a company, it aims to supply and support the Albanian and Kosovo market with innovative and high-quality products and solutions in the following industries, Civil Works &amp; Infrastructure, Power Solutions, Water &amp; Waste Water Treatment Systems, Machinery &amp; Equipment.\" \/>\n<meta name=\"robots\" content=\"index, follow, max-snippet:-1, max-image-preview:large, max-video-preview:-1\" \/>\n<link rel=\"canonical\" href=\"https:\/\/fintrade.al\/sq\/makineri-pajisje\/\" \/>\n<meta property=\"og:locale\" content=\"sq_AL\" \/>\n<meta property=\"og:type\" content=\"article\" \/>\n<meta property=\"og:title\" content=\"MAKINERI &amp; PAJISJE - Fintrade\" \/>\n<meta property=\"og:description\" content=\"FINTRADE ltd is an Albanian company located in Tirana, with over seven years of successful business experience in the market. Highly ambitious as a company, it aims to supply and support the Albanian and Kosovo market with innovative and high-quality products and solutions in the following industries, Civil Works &amp; Infrastructure, Power Solutions, Water &amp; Waste Water Treatment Systems, Machinery &amp; Equipment.\" \/>\n<meta property=\"og:url\" content=\"https:\/\/fintrade.al\/sq\/makineri-pajisje\/\" \/>\n<meta property=\"og:site_name\" content=\"Fintrade\" \/>\n<meta property=\"article:modified_time\" content=\"2022-03-16T14:32:09+00:00\" \/>\n<meta name=\"twitter:card\" content=\"summary_large_image\" \/>\n<meta name=\"twitter:label1\" content=\"Est. reading time\" \/>\n\t<meta name=\"twitter:data1\" content=\"1 minute\" \/>\n<script type=\"application\/ld+json\" class=\"yoast-schema-graph\">{\"@context\":\"https:\/\/schema.org\",\"@graph\":[{\"@type\":\"WebPage\",\"@id\":\"https:\/\/fintrade.al\/sq\/makineri-pajisje\/\",\"url\":\"https:\/\/fintrade.al\/sq\/makineri-pajisje\/\",\"name\":\"MAKINERI & PAJISJE - Fintrade\",\"isPartOf\":{\"@id\":\"https:\/\/fintrade.al\/#website\"},\"datePublished\":\"2017-10-02T02:55:41+00:00\",\"dateModified\":\"2022-03-16T14:32:09+00:00\",\"description\":\"FINTRADE ltd is an Albanian company located in Tirana, with over seven years of successful business experience in the market. Highly ambitious as a company, it aims to supply and support the Albanian and Kosovo market with innovative and high-quality products and solutions in the following industries, Civil Works & Infrastructure, Power Solutions, Water & Waste Water Treatment Systems, Machinery & Equipment.\",\"breadcrumb\":{\"@id\":\"https:\/\/fintrade.al\/sq\/makineri-pajisje\/#breadcrumb\"},\"inLanguage\":\"sq-AL\",\"potentialAction\":[{\"@type\":\"ReadAction\",\"target\":[\"https:\/\/fintrade.al\/sq\/makineri-pajisje\/\"]}]},{\"@type\":\"BreadcrumbList\",\"@id\":\"https:\/\/fintrade.al\/sq\/makineri-pajisje\/#breadcrumb\",\"itemListElement\":[{\"@type\":\"ListItem\",\"position\":1,\"name\":\"Home\",\"item\":\"https:\/\/fintrade.al\/sq\/kreu\/\"},{\"@type\":\"ListItem\",\"position\":2,\"name\":\"MAKINERI &#038; PAJISJE\"}]},{\"@type\":\"WebSite\",\"@id\":\"https:\/\/fintrade.al\/#website\",\"url\":\"https:\/\/fintrade.al\/\",\"name\":\"Fintrade\",\"description\":\"Turnkey Solution \u2013 Investment \u2013 Services\",\"publisher\":{\"@id\":\"https:\/\/fintrade.al\/#organization\"},\"potentialAction\":[{\"@type\":\"SearchAction\",\"target\":{\"@type\":\"EntryPoint\",\"urlTemplate\":\"https:\/\/fintrade.al\/?s={search_term_string}\"},\"query-input\":\"required name=search_term_string\"}],\"inLanguage\":\"sq-AL\"},{\"@type\":\"Organization\",\"@id\":\"https:\/\/fintrade.al\/#organization\",\"name\":\"Fintrade Albania\",\"url\":\"https:\/\/fintrade.al\/\",\"logo\":{\"@type\":\"ImageObject\",\"inLanguage\":\"sq-AL\",\"@id\":\"https:\/\/fintrade.al\/#\/schema\/logo\/image\/\",\"url\":\"https:\/\/fintrade.al\/media\/2022\/02\/fintrade-logo-160x50-1.png\",\"contentUrl\":\"https:\/\/fintrade.al\/media\/2022\/02\/fintrade-logo-160x50-1.png\",\"width\":160,\"height\":50,\"caption\":\"Fintrade Albania\"},\"image\":{\"@id\":\"https:\/\/fintrade.al\/#\/schema\/logo\/image\/\"}}]}<\/script>\n","yoast_head_json":{"title":"MAKINERI & PAJISJE - Fintrade","description":"FINTRADE ltd is an Albanian company located in Tirana, with over seven years of successful business experience in the market. Highly ambitious as a company, it aims to supply and support the Albanian and Kosovo market with innovative and high-quality products and solutions in the following industries, Civil Works & Infrastructure, Power Solutions, Water & Waste Water Treatment Systems, Machinery & Equipment.","robots":{"index":"index","follow":"follow","max-snippet":"max-snippet:-1","max-image-preview":"max-image-preview:large","max-video-preview":"max-video-preview:-1"},"canonical":"https:\/\/fintrade.al\/sq\/makineri-pajisje\/","og_locale":"sq_AL","og_type":"article","og_title":"MAKINERI & PAJISJE - Fintrade","og_description":"FINTRADE ltd is an Albanian company located in Tirana, with over seven years of successful business experience in the market. Highly ambitious as a company, it aims to supply and support the Albanian and Kosovo market with innovative and high-quality products and solutions in the following industries, Civil Works & Infrastructure, Power Solutions, Water & Waste Water Treatment Systems, Machinery & Equipment.","og_url":"https:\/\/fintrade.al\/sq\/makineri-pajisje\/","og_site_name":"Fintrade","article_modified_time":"2022-03-16T14:32:09+00:00","twitter_card":"summary_large_image","twitter_misc":{"Est. reading time":"1 minute"},"schema":{"@context":"https:\/\/schema.org","@graph":[{"@type":"WebPage","@id":"https:\/\/fintrade.al\/sq\/makineri-pajisje\/","url":"https:\/\/fintrade.al\/sq\/makineri-pajisje\/","name":"MAKINERI & PAJISJE - Fintrade","isPartOf":{"@id":"https:\/\/fintrade.al\/#website"},"datePublished":"2017-10-02T02:55:41+00:00","dateModified":"2022-03-16T14:32:09+00:00","description":"FINTRADE ltd is an Albanian company located in Tirana, with over seven years of successful business experience in the market. Highly ambitious as a company, it aims to supply and support the Albanian and Kosovo market with innovative and high-quality products and solutions in the following industries, Civil Works & Infrastructure, Power Solutions, Water & Waste Water Treatment Systems, Machinery & Equipment.","breadcrumb":{"@id":"https:\/\/fintrade.al\/sq\/makineri-pajisje\/#breadcrumb"},"inLanguage":"sq-AL","potentialAction":[{"@type":"ReadAction","target":["https:\/\/fintrade.al\/sq\/makineri-pajisje\/"]}]},{"@type":"BreadcrumbList","@id":"https:\/\/fintrade.al\/sq\/makineri-pajisje\/#breadcrumb","itemListElement":[{"@type":"ListItem","position":1,"name":"Home","item":"https:\/\/fintrade.al\/sq\/kreu\/"},{"@type":"ListItem","position":2,"name":"MAKINERI &#038; PAJISJE"}]},{"@type":"WebSite","@id":"https:\/\/fintrade.al\/#website","url":"https:\/\/fintrade.al\/","name":"Fintrade","description":"Turnkey Solution \u2013 Investment \u2013 Services","publisher":{"@id":"https:\/\/fintrade.al\/#organization"},"potentialAction":[{"@type":"SearchAction","target":{"@type":"EntryPoint","urlTemplate":"https:\/\/fintrade.al\/?s={search_term_string}"},"query-input":"required name=search_term_string"}],"inLanguage":"sq-AL"},{"@type":"Organization","@id":"https:\/\/fintrade.al\/#organization","name":"Fintrade Albania","url":"https:\/\/fintrade.al\/","logo":{"@type":"ImageObject","inLanguage":"sq-AL","@id":"https:\/\/fintrade.al\/#\/schema\/logo\/image\/","url":"https:\/\/fintrade.al\/media\/2022\/02\/fintrade-logo-160x50-1.png","contentUrl":"https:\/\/fintrade.al\/media\/2022\/02\/fintrade-logo-160x50-1.png","width":160,"height":50,"caption":"Fintrade Albania"},"image":{"@id":"https:\/\/fintrade.al\/#\/schema\/logo\/image\/"}}]}},"_links":{"self":[{"href":"https:\/\/fintrade.al\/sq\/wp-json\/wp\/v2\/pages\/2334"}],"collection":[{"href":"https:\/\/fintrade.al\/sq\/wp-json\/wp\/v2\/pages"}],"about":[{"href":"https:\/\/fintrade.al\/sq\/wp-json\/wp\/v2\/types\/page"}],"author":[{"embeddable":true,"href":"https:\/\/fintrade.al\/sq\/wp-json\/wp\/v2\/users\/1"}],"replies":[{"embeddable":true,"href":"https:\/\/fintrade.al\/sq\/wp-json\/wp\/v2\/comments?post=2334"}],"version-history":[{"count":3,"href":"https:\/\/fintrade.al\/sq\/wp-json\/wp\/v2\/pages\/2334\/revisions"}],"predecessor-version":[{"id":2337,"href":"https:\/\/fintrade.al\/sq\/wp-json\/wp\/v2\/pages\/2334\/revisions\/2337"}],"wp:attachment":[{"href":"https:\/\/fintrade.al\/sq\/wp-json\/wp\/v2\/media?parent=2334"}],"curies":[{"name":"wp","href":"https:\/\/api.w.org\/{rel}","templated":true}]}}