{"id":2338,"date":"2017-10-02T02:52:58","date_gmt":"2017-10-02T02:52:58","guid":{"rendered":"https:\/\/fintrade.al\/zgjidhje-energjitike\/"},"modified":"2022-03-16T14:35:11","modified_gmt":"2022-03-16T14:35:11","slug":"zgjidhje-energjitike","status":"publish","type":"page","link":"https:\/\/fintrade.al\/sq\/zgjidhje-energjitike\/","title":{"rendered":"ZGJIDHJE ENERGJITIKE"},"content":{"rendered":"<p>[vc_row][vc_column width=&#8221;1\/2&#8243;][vc_single_image image=&#8221;2281&#8243; img_size=&#8221;1280&#215;600&#8243;][vc_empty_space height=&#8221;10px&#8221;][\/vc_column][vc_column width=&#8221;1\/2&#8243;][vc_empty_space height=&#8221;40px&#8221;][vc_column_text]Shp\u00ebrndarja e Energjis\u00eb Elektrike \u00ebsht\u00eb industria m\u00eb e re ku Fintrade po zhvillohet me shpejt\u00ebsi. Ne e dim\u00eb se shp\u00ebrndarja e energjis\u00eb elektrike \u00ebsht\u00eb nj\u00eb detyr\u00eb sfiduese dhe k\u00ebrkuese, q\u00eb ndikon n\u00eb zhvillimin e ekonomis\u00eb dhe cil\u00ebsin\u00eb e jet\u00ebs (p\u00ebrfitim publik). Kjo \u00ebsht\u00eb arsyeja pse produktet, sistemet dhe sh\u00ebrbimet e teknologjis\u00eb m\u00eb t\u00eb fundit jan\u00eb n\u00eb fakt prioriteti yn\u00eb.<\/p>\n<p>Aktualisht po zbatojm\u00eb projekte t\u00eb r\u00ebnd\u00ebsishme me produkte t\u00eb ndryshme si:[\/vc_column_text][vc_empty_space height=&#8221;40px&#8221;][\/vc_column][\/vc_row][vc_row][vc_column][vc_separator color=&#8221;custom&#8221; accent_color=&#8221;rgba(2,6,32,0.1)&#8221;][vc_empty_space height=&#8221;50px&#8221;][\/vc_column][\/vc_row][vc_row][vc_column][vc_separator color=&#8221;custom&#8221; accent_color=&#8221;rgba(2,6,32,0.1)&#8221;][vc_empty_space height=&#8221;50px&#8221;][\/vc_column][\/vc_row][vc_row][vc_column width=&#8221;1\/4&#8243;][vc_custom_heading text=&#8221;ZGJIDHJE ENERGJITIKE&#8221; font_container=&#8221;tag:h3|text_align:left&#8221; use_theme_fonts=&#8221;yes&#8221;][vc_empty_space height=&#8221;20px&#8221;][\/vc_column][vc_column width=&#8221;3\/4&#8243;][vc_column_text]<b>Prefabricated 20\/0.4kV compact distribution substation, type Box and Mini Box, with all equipments installed such as:<\/b><\/p>\n<ol>\n<li>2L+1T or 3L+1T, 20kV\/630A SF6 switchgears<\/li>\n<li>20\/0.4kV distribution transformer<\/li>\n<li>Low voltage panel (Bus bars, MCCB, Current transformer, energy meter)<\/li>\n<li>Low voltage capacitor bank for power factor correction<\/li>\n<li>All interior installing such us, earthing system, lighting, ventilation<\/li>\n<\/ol>\n<p>[\/vc_column_text][vc_empty_space height=&#8221;30px&#8221;][vc_column_text]<b>Metal \u2013 Clads for substations, 20kV, 2500A, 1250A or 630A. We can offer two types of metal \u2013 clads\u201d:<\/b><\/p>\n<ol>\n<li>Metal \u2013 Clad SF6 gas insulated switchgear<\/li>\n<li>Metal \u2013 Clad with SF6 circuit breaker<\/li>\n<\/ol>\n<p>[\/vc_column_text][\/vc_column][\/vc_row]<\/p>\n","protected":false},"excerpt":{"rendered":"<p>[vc_row][vc_column width=&#8221;1\/2&#8243;][vc_single_image image=&#8221;2281&#8243; img_size=&#8221;1280&#215;600&#8243;][vc_empty_space height=&#8221;10px&#8221;][\/vc_column][vc_column width=&#8221;1\/2&#8243;][vc_empty_space height=&#8221;40px&#8221;][vc_column_text]Shp\u00ebrndarja e Energjis\u00eb Elektrike \u00ebsht\u00eb industria m\u00eb e re ku Fintrade po zhvillohet me shpejt\u00ebsi. Ne e dim\u00eb se shp\u00ebrndarja e energjis\u00eb elektrike \u00ebsht\u00eb nj\u00eb detyr\u00eb sfiduese dhe k\u00ebrkuese, q\u00eb ndikon n\u00eb zhvillimin e ekonomis\u00eb dhe cil\u00ebsin\u00eb e jet\u00ebs (p\u00ebrfitim publik). Kjo \u00ebsht\u00eb arsyeja pse produktet, sistemet dhe sh\u00ebrbimet [&hellip;]<\/p>\n","protected":false},"author":1,"featured_media":0,"parent":0,"menu_order":0,"comment_status":"closed","ping_status":"closed","template":"","meta":[],"acf":[],"yoast_head":"\n<title>ZGJIDHJE ENERGJITIKE - Fintrade<\/title>\n<meta name=\"description\" content=\"FINTRADE ltd is an Albanian company located in Tirana, with over seven years of successful business experience in the market. Highly ambitious as a company, it aims to supply and support the Albanian and Kosovo market with innovative and high-quality products and solutions in the following industries, Civil Works &amp; Infrastructure, Power Solutions, Water &amp; Waste Water Treatment Systems, Machinery &amp; Equipment.\" \/>\n<meta name=\"robots\" content=\"index, follow, max-snippet:-1, max-image-preview:large, max-video-preview:-1\" \/>\n<link rel=\"canonical\" href=\"https:\/\/fintrade.al\/sq\/zgjidhje-energjitike\/\" \/>\n<meta property=\"og:locale\" content=\"sq_AL\" \/>\n<meta property=\"og:type\" content=\"article\" \/>\n<meta property=\"og:title\" content=\"ZGJIDHJE ENERGJITIKE - Fintrade\" \/>\n<meta property=\"og:description\" content=\"FINTRADE ltd is an Albanian company located in Tirana, with over seven years of successful business experience in the market. Highly ambitious as a company, it aims to supply and support the Albanian and Kosovo market with innovative and high-quality products and solutions in the following industries, Civil Works &amp; Infrastructure, Power Solutions, Water &amp; Waste Water Treatment Systems, Machinery &amp; Equipment.\" \/>\n<meta property=\"og:url\" content=\"https:\/\/fintrade.al\/sq\/zgjidhje-energjitike\/\" \/>\n<meta property=\"og:site_name\" content=\"Fintrade\" \/>\n<meta property=\"article:modified_time\" content=\"2022-03-16T14:35:11+00:00\" \/>\n<meta name=\"twitter:card\" content=\"summary_large_image\" \/>\n<meta name=\"twitter:label1\" content=\"Est. reading time\" \/>\n\t<meta name=\"twitter:data1\" content=\"1 minute\" \/>\n<script type=\"application\/ld+json\" class=\"yoast-schema-graph\">{\"@context\":\"https:\/\/schema.org\",\"@graph\":[{\"@type\":\"WebPage\",\"@id\":\"https:\/\/fintrade.al\/sq\/zgjidhje-energjitike\/\",\"url\":\"https:\/\/fintrade.al\/sq\/zgjidhje-energjitike\/\",\"name\":\"ZGJIDHJE ENERGJITIKE - Fintrade\",\"isPartOf\":{\"@id\":\"https:\/\/fintrade.al\/#website\"},\"datePublished\":\"2017-10-02T02:52:58+00:00\",\"dateModified\":\"2022-03-16T14:35:11+00:00\",\"description\":\"FINTRADE ltd is an Albanian company located in Tirana, with over seven years of successful business experience in the market. Highly ambitious as a company, it aims to supply and support the Albanian and Kosovo market with innovative and high-quality products and solutions in the following industries, Civil Works & Infrastructure, Power Solutions, Water & Waste Water Treatment Systems, Machinery & Equipment.\",\"breadcrumb\":{\"@id\":\"https:\/\/fintrade.al\/sq\/zgjidhje-energjitike\/#breadcrumb\"},\"inLanguage\":\"sq-AL\",\"potentialAction\":[{\"@type\":\"ReadAction\",\"target\":[\"https:\/\/fintrade.al\/sq\/zgjidhje-energjitike\/\"]}]},{\"@type\":\"BreadcrumbList\",\"@id\":\"https:\/\/fintrade.al\/sq\/zgjidhje-energjitike\/#breadcrumb\",\"itemListElement\":[{\"@type\":\"ListItem\",\"position\":1,\"name\":\"Home\",\"item\":\"https:\/\/fintrade.al\/sq\/kreu\/\"},{\"@type\":\"ListItem\",\"position\":2,\"name\":\"ZGJIDHJE ENERGJITIKE\"}]},{\"@type\":\"WebSite\",\"@id\":\"https:\/\/fintrade.al\/#website\",\"url\":\"https:\/\/fintrade.al\/\",\"name\":\"Fintrade\",\"description\":\"Turnkey Solution \u2013 Investment \u2013 Services\",\"publisher\":{\"@id\":\"https:\/\/fintrade.al\/#organization\"},\"potentialAction\":[{\"@type\":\"SearchAction\",\"target\":{\"@type\":\"EntryPoint\",\"urlTemplate\":\"https:\/\/fintrade.al\/?s={search_term_string}\"},\"query-input\":\"required name=search_term_string\"}],\"inLanguage\":\"sq-AL\"},{\"@type\":\"Organization\",\"@id\":\"https:\/\/fintrade.al\/#organization\",\"name\":\"Fintrade Albania\",\"url\":\"https:\/\/fintrade.al\/\",\"logo\":{\"@type\":\"ImageObject\",\"inLanguage\":\"sq-AL\",\"@id\":\"https:\/\/fintrade.al\/#\/schema\/logo\/image\/\",\"url\":\"https:\/\/fintrade.al\/media\/2022\/02\/fintrade-logo-160x50-1.png\",\"contentUrl\":\"https:\/\/fintrade.al\/media\/2022\/02\/fintrade-logo-160x50-1.png\",\"width\":160,\"height\":50,\"caption\":\"Fintrade Albania\"},\"image\":{\"@id\":\"https:\/\/fintrade.al\/#\/schema\/logo\/image\/\"}}]}<\/script>\n","yoast_head_json":{"title":"ZGJIDHJE ENERGJITIKE - Fintrade","description":"FINTRADE ltd is an Albanian company located in Tirana, with over seven years of successful business experience in the market. Highly ambitious as a company, it aims to supply and support the Albanian and Kosovo market with innovative and high-quality products and solutions in the following industries, Civil Works & Infrastructure, Power Solutions, Water & Waste Water Treatment Systems, Machinery & Equipment.","robots":{"index":"index","follow":"follow","max-snippet":"max-snippet:-1","max-image-preview":"max-image-preview:large","max-video-preview":"max-video-preview:-1"},"canonical":"https:\/\/fintrade.al\/sq\/zgjidhje-energjitike\/","og_locale":"sq_AL","og_type":"article","og_title":"ZGJIDHJE ENERGJITIKE - Fintrade","og_description":"FINTRADE ltd is an Albanian company located in Tirana, with over seven years of successful business experience in the market. Highly ambitious as a company, it aims to supply and support the Albanian and Kosovo market with innovative and high-quality products and solutions in the following industries, Civil Works & Infrastructure, Power Solutions, Water & Waste Water Treatment Systems, Machinery & Equipment.","og_url":"https:\/\/fintrade.al\/sq\/zgjidhje-energjitike\/","og_site_name":"Fintrade","article_modified_time":"2022-03-16T14:35:11+00:00","twitter_card":"summary_large_image","twitter_misc":{"Est. reading time":"1 minute"},"schema":{"@context":"https:\/\/schema.org","@graph":[{"@type":"WebPage","@id":"https:\/\/fintrade.al\/sq\/zgjidhje-energjitike\/","url":"https:\/\/fintrade.al\/sq\/zgjidhje-energjitike\/","name":"ZGJIDHJE ENERGJITIKE - Fintrade","isPartOf":{"@id":"https:\/\/fintrade.al\/#website"},"datePublished":"2017-10-02T02:52:58+00:00","dateModified":"2022-03-16T14:35:11+00:00","description":"FINTRADE ltd is an Albanian company located in Tirana, with over seven years of successful business experience in the market. Highly ambitious as a company, it aims to supply and support the Albanian and Kosovo market with innovative and high-quality products and solutions in the following industries, Civil Works & Infrastructure, Power Solutions, Water & Waste Water Treatment Systems, Machinery & Equipment.","breadcrumb":{"@id":"https:\/\/fintrade.al\/sq\/zgjidhje-energjitike\/#breadcrumb"},"inLanguage":"sq-AL","potentialAction":[{"@type":"ReadAction","target":["https:\/\/fintrade.al\/sq\/zgjidhje-energjitike\/"]}]},{"@type":"BreadcrumbList","@id":"https:\/\/fintrade.al\/sq\/zgjidhje-energjitike\/#breadcrumb","itemListElement":[{"@type":"ListItem","position":1,"name":"Home","item":"https:\/\/fintrade.al\/sq\/kreu\/"},{"@type":"ListItem","position":2,"name":"ZGJIDHJE ENERGJITIKE"}]},{"@type":"WebSite","@id":"https:\/\/fintrade.al\/#website","url":"https:\/\/fintrade.al\/","name":"Fintrade","description":"Turnkey Solution \u2013 Investment \u2013 Services","publisher":{"@id":"https:\/\/fintrade.al\/#organization"},"potentialAction":[{"@type":"SearchAction","target":{"@type":"EntryPoint","urlTemplate":"https:\/\/fintrade.al\/?s={search_term_string}"},"query-input":"required name=search_term_string"}],"inLanguage":"sq-AL"},{"@type":"Organization","@id":"https:\/\/fintrade.al\/#organization","name":"Fintrade Albania","url":"https:\/\/fintrade.al\/","logo":{"@type":"ImageObject","inLanguage":"sq-AL","@id":"https:\/\/fintrade.al\/#\/schema\/logo\/image\/","url":"https:\/\/fintrade.al\/media\/2022\/02\/fintrade-logo-160x50-1.png","contentUrl":"https:\/\/fintrade.al\/media\/2022\/02\/fintrade-logo-160x50-1.png","width":160,"height":50,"caption":"Fintrade Albania"},"image":{"@id":"https:\/\/fintrade.al\/#\/schema\/logo\/image\/"}}]}},"_links":{"self":[{"href":"https:\/\/fintrade.al\/sq\/wp-json\/wp\/v2\/pages\/2338"}],"collection":[{"href":"https:\/\/fintrade.al\/sq\/wp-json\/wp\/v2\/pages"}],"about":[{"href":"https:\/\/fintrade.al\/sq\/wp-json\/wp\/v2\/types\/page"}],"author":[{"embeddable":true,"href":"https:\/\/fintrade.al\/sq\/wp-json\/wp\/v2\/users\/1"}],"replies":[{"embeddable":true,"href":"https:\/\/fintrade.al\/sq\/wp-json\/wp\/v2\/comments?post=2338"}],"version-history":[{"count":3,"href":"https:\/\/fintrade.al\/sq\/wp-json\/wp\/v2\/pages\/2338\/revisions"}],"predecessor-version":[{"id":2341,"href":"https:\/\/fintrade.al\/sq\/wp-json\/wp\/v2\/pages\/2338\/revisions\/2341"}],"wp:attachment":[{"href":"https:\/\/fintrade.al\/sq\/wp-json\/wp\/v2\/media?parent=2338"}],"curies":[{"name":"wp","href":"https:\/\/api.w.org\/{rel}","templated":true}]}}