{"id":2342,"date":"2017-10-02T02:33:46","date_gmt":"2017-10-02T02:33:46","guid":{"rendered":"https:\/\/fintrade.al\/partneret\/"},"modified":"2023-11-17T15:30:15","modified_gmt":"2023-11-17T15:30:15","slug":"partneret","status":"publish","type":"page","link":"https:\/\/fintrade.al\/sq\/partneret\/","title":{"rendered":"Partner\u00ebt"},"content":{"rendered":"<p>[vc_row css=&#8221;.vc_custom_1510629571614{margin-right: 0px !important;margin-bottom: 50px !important;margin-left: 0px !important;padding-top: 100px !important;padding-bottom: 100px !important;background-image: url(https:\/\/fintrade.al\/media\/\/2017\/09\/slider2.jpg?id=75) !important;background-position: center !important;background-repeat: no-repeat !important;background-size: cover !important;}&#8221;][vc_column width=&#8221;1\/6&#8243;][\/vc_column][vc_column width=&#8221;2\/3&#8243;][vc_column_text css_animation=&#8221;appear&#8221; css=&#8221;.vc_custom_1510629757758{padding-top: 30px !important;padding-right: 30px !important;padding-bottom: 30px !important;padding-left: 30px !important;background-color: rgba(255,255,255,0.9) !important;*background-color: rgb(255,255,255) !important;}&#8221; el_class=&#8221;shadow&#8221;]<\/p>\n<h3 class=\"no-margin-top\" style=\"text-align: center; font-size: 2rem;\">Ne jemi Gjithmon\u00eb n\u00eb K\u00ebrkim t\u00eb Partner\u00ebve q\u00eb mund t&#8217;i Ndihmojn\u00eb Klient\u00ebt Tan\u00eb t\u00eb Fitojn\u00eb.<\/h3>\n<p>[\/vc_column_text][\/vc_column][vc_column width=&#8221;1\/6&#8243;][\/vc_column][\/vc_row][vc_row][vc_column width=&#8221;1\/4&#8243;][vc_custom_heading text=&#8221;Partneritetet e Biznesit&#8221; font_container=&#8221;tag:h3|text_align:left&#8221; use_theme_fonts=&#8221;yes&#8221;][vc_empty_space height=&#8221;20px&#8221;][\/vc_column][vc_column width=&#8221;3\/4&#8243;][vc_column_text]FINTRADE fokusohet n\u00eb nd\u00ebrtimin e nj\u00eb ekosistemi partner\u00ebsh n\u00eb fusha dhe teknologji t\u00eb industris\u00eb p\u00ebr t\u00eb ndihmuar klient\u00ebt tan\u00eb t\u00eb fitojn\u00eb n\u00eb treg. Njohurit\u00eb tona t\u00eb industris\u00eb dhe lidershipi n\u00eb teknologji, t\u00eb kombinuara me risit\u00eb e partner\u00ebve tan\u00eb, na mund\u00ebsojn\u00eb t\u00eb ofrojm\u00eb zgjidhje inovative p\u00ebr t\u00eb zgjidhur sfidat e biznesit t\u00eb klient\u00ebve. Portofoli i partner\u00ebve t\u00eb biznesit FINTRADE p\u00ebrfshin kompanit\u00eb kryesore t\u00eb biznesit dhe teknologjis\u00eb n\u00eb bot\u00eb.[\/vc_column_text][vc_empty_space height=&#8221;50px&#8221;][\/vc_column][\/vc_row][vc_row][vc_column width=&#8221;1\/4&#8243;][vc_single_image image=&#8221;2250&#8243; img_size=&#8221;full&#8221; style=&#8221;vc_box_border&#8221;][vc_empty_space height=&#8221;30px&#8221;][\/vc_column][vc_column width=&#8221;1\/4&#8243;][vc_single_image image=&#8221;2256&#8243; img_size=&#8221;full&#8221; style=&#8221;vc_box_border&#8221;][vc_empty_space height=&#8221;30px&#8221;][\/vc_column][vc_column width=&#8221;1\/4&#8243;][vc_single_image image=&#8221;2247&#8243; img_size=&#8221;full&#8221; style=&#8221;vc_box_border&#8221;][vc_empty_space height=&#8221;30px&#8221;][\/vc_column][vc_column width=&#8221;1\/4&#8243;][vc_single_image image=&#8221;2242&#8243; img_size=&#8221;full&#8221; style=&#8221;vc_box_border&#8221;][vc_empty_space height=&#8221;30px&#8221;][\/vc_column][\/vc_row][vc_row][vc_column width=&#8221;1\/3&#8243;][vc_single_image image=&#8221;2245&#8243; img_size=&#8221;full&#8221; style=&#8221;vc_box_border&#8221;][vc_empty_space height=&#8221;30px&#8221;][\/vc_column][\/vc_row][vc_row][vc_column][vc_column_text]<\/p>\n<p>&nbsp;<\/p>\n<div class=\"main-content-inner\">\n<div class=\"content\">\n<div class=\"vc_row wpb_row vc_row-fluid\">\n<div class=\"wpb_column vc_column_container vc_col-sm-12\">\n<div class=\"vc_column-inner \">\n<div class=\"wpb_wrapper\">\n<div class=\"wpb_text_column wpb_content_element \">\n<div class=\"wpb_wrapper\">\n<p>P\u00ebr t&#8217;u bashkuar me programin ton\u00eb t\u00eb partneritetit t\u00eb biznesit, ju lutemi shkruani n\u00eb\u00a0<a class=\"link\" href=\"mailto:info@fintrade.al\">info@fintrade.al<\/a>\u00a0 me nj\u00eb pasqyr\u00eb t\u00eb shkurt\u00ebr t\u00eb aft\u00ebsive tuaja.<\/p>\n<\/div>\n<\/div>\n<\/div>\n<\/div>\n<\/div>\n<\/div>\n<\/div>\n<\/div>\n<p>&nbsp;<\/p>\n<aside class=\"main-sidebar\">\n<div class=\"main-sidebar-inner\">\n<div id=\"recent-posts-7\" class=\"widget-odd widget-last widget-first widget-1 widget widget_recent_entries\"><\/div>\n<\/div>\n<\/aside>\n<p>[\/vc_column_text][\/vc_column][\/vc_row]<\/p>\n","protected":false},"excerpt":{"rendered":"<p>[vc_row css=&#8221;.vc_custom_1510629571614{margin-right: 0px !important;margin-bottom: 50px !important;margin-left: 0px !important;padding-top: 100px !important;padding-bottom: 100px !important;background-image: url(https:\/\/fintrade.al\/media\/\/2017\/09\/slider2.jpg?id=75) !important;background-position: center !important;background-repeat: no-repeat !important;background-size: cover !important;}&#8221;][vc_column width=&#8221;1\/6&#8243;][\/vc_column][vc_column width=&#8221;2\/3&#8243;][vc_column_text css_animation=&#8221;appear&#8221; css=&#8221;.vc_custom_1510629757758{padding-top: 30px !important;padding-right: 30px !important;padding-bottom: 30px !important;padding-left: 30px !important;background-color: rgba(255,255,255,0.9) !important;*background-color: rgb(255,255,255) !important;}&#8221; el_class=&#8221;shadow&#8221;] Ne jemi Gjithmon\u00eb n\u00eb K\u00ebrkim t\u00eb Partner\u00ebve q\u00eb mund t&#8217;i Ndihmojn\u00eb Klient\u00ebt Tan\u00eb t\u00eb Fitojn\u00eb. [\/vc_column_text][\/vc_column][vc_column width=&#8221;1\/6&#8243;][\/vc_column][\/vc_row][vc_row][vc_column width=&#8221;1\/4&#8243;][vc_custom_heading [&hellip;]<\/p>\n","protected":false},"author":1,"featured_media":0,"parent":0,"menu_order":0,"comment_status":"closed","ping_status":"closed","template":"","meta":[],"acf":[],"yoast_head":"\n<title>Partner\u00ebt - Fintrade<\/title>\n<meta name=\"description\" content=\"FINTRADE ltd is an Albanian company located in Tirana, with over seven years of successful business experience in the market. Highly ambitious as a company, it aims to supply and support the Albanian and Kosovo market with innovative and high-quality products and solutions in the following industries, Civil Works &amp; Infrastructure, Power Solutions, Water &amp; Waste Water Treatment Systems, Machinery &amp; Equipment.\" \/>\n<meta name=\"robots\" content=\"index, follow, max-snippet:-1, max-image-preview:large, max-video-preview:-1\" \/>\n<link rel=\"canonical\" href=\"https:\/\/fintrade.al\/sq\/partneret\/\" \/>\n<meta property=\"og:locale\" content=\"sq_AL\" \/>\n<meta property=\"og:type\" content=\"article\" \/>\n<meta property=\"og:title\" content=\"Partner\u00ebt - Fintrade\" \/>\n<meta property=\"og:description\" content=\"FINTRADE ltd is an Albanian company located in Tirana, with over seven years of successful business experience in the market. Highly ambitious as a company, it aims to supply and support the Albanian and Kosovo market with innovative and high-quality products and solutions in the following industries, Civil Works &amp; Infrastructure, Power Solutions, Water &amp; Waste Water Treatment Systems, Machinery &amp; Equipment.\" \/>\n<meta property=\"og:url\" content=\"https:\/\/fintrade.al\/sq\/partneret\/\" \/>\n<meta property=\"og:site_name\" content=\"Fintrade\" \/>\n<meta property=\"article:modified_time\" content=\"2023-11-17T15:30:15+00:00\" \/>\n<meta name=\"twitter:card\" content=\"summary_large_image\" \/>\n<meta name=\"twitter:label1\" content=\"Est. reading time\" \/>\n\t<meta name=\"twitter:data1\" content=\"2 minutes\" \/>\n<script type=\"application\/ld+json\" class=\"yoast-schema-graph\">{\"@context\":\"https:\/\/schema.org\",\"@graph\":[{\"@type\":\"WebPage\",\"@id\":\"https:\/\/fintrade.al\/sq\/partneret\/\",\"url\":\"https:\/\/fintrade.al\/sq\/partneret\/\",\"name\":\"Partner\u00ebt - Fintrade\",\"isPartOf\":{\"@id\":\"https:\/\/fintrade.al\/#website\"},\"datePublished\":\"2017-10-02T02:33:46+00:00\",\"dateModified\":\"2023-11-17T15:30:15+00:00\",\"description\":\"FINTRADE ltd is an Albanian company located in Tirana, with over seven years of successful business experience in the market. Highly ambitious as a company, it aims to supply and support the Albanian and Kosovo market with innovative and high-quality products and solutions in the following industries, Civil Works & Infrastructure, Power Solutions, Water & Waste Water Treatment Systems, Machinery & Equipment.\",\"breadcrumb\":{\"@id\":\"https:\/\/fintrade.al\/sq\/partneret\/#breadcrumb\"},\"inLanguage\":\"sq-AL\",\"potentialAction\":[{\"@type\":\"ReadAction\",\"target\":[\"https:\/\/fintrade.al\/sq\/partneret\/\"]}]},{\"@type\":\"BreadcrumbList\",\"@id\":\"https:\/\/fintrade.al\/sq\/partneret\/#breadcrumb\",\"itemListElement\":[{\"@type\":\"ListItem\",\"position\":1,\"name\":\"Home\",\"item\":\"https:\/\/fintrade.al\/sq\/kreu\/\"},{\"@type\":\"ListItem\",\"position\":2,\"name\":\"Partner\u00ebt\"}]},{\"@type\":\"WebSite\",\"@id\":\"https:\/\/fintrade.al\/#website\",\"url\":\"https:\/\/fintrade.al\/\",\"name\":\"Fintrade\",\"description\":\"Turnkey Solution \u2013 Investment \u2013 Services\",\"publisher\":{\"@id\":\"https:\/\/fintrade.al\/#organization\"},\"potentialAction\":[{\"@type\":\"SearchAction\",\"target\":{\"@type\":\"EntryPoint\",\"urlTemplate\":\"https:\/\/fintrade.al\/?s={search_term_string}\"},\"query-input\":\"required name=search_term_string\"}],\"inLanguage\":\"sq-AL\"},{\"@type\":\"Organization\",\"@id\":\"https:\/\/fintrade.al\/#organization\",\"name\":\"Fintrade Albania\",\"url\":\"https:\/\/fintrade.al\/\",\"logo\":{\"@type\":\"ImageObject\",\"inLanguage\":\"sq-AL\",\"@id\":\"https:\/\/fintrade.al\/#\/schema\/logo\/image\/\",\"url\":\"https:\/\/fintrade.al\/media\/2022\/02\/fintrade-logo-160x50-1.png\",\"contentUrl\":\"https:\/\/fintrade.al\/media\/2022\/02\/fintrade-logo-160x50-1.png\",\"width\":160,\"height\":50,\"caption\":\"Fintrade Albania\"},\"image\":{\"@id\":\"https:\/\/fintrade.al\/#\/schema\/logo\/image\/\"}}]}<\/script>\n","yoast_head_json":{"title":"Partner\u00ebt - Fintrade","description":"FINTRADE ltd is an Albanian company located in Tirana, with over seven years of successful business experience in the market. Highly ambitious as a company, it aims to supply and support the Albanian and Kosovo market with innovative and high-quality products and solutions in the following industries, Civil Works & Infrastructure, Power Solutions, Water & Waste Water Treatment Systems, Machinery & Equipment.","robots":{"index":"index","follow":"follow","max-snippet":"max-snippet:-1","max-image-preview":"max-image-preview:large","max-video-preview":"max-video-preview:-1"},"canonical":"https:\/\/fintrade.al\/sq\/partneret\/","og_locale":"sq_AL","og_type":"article","og_title":"Partner\u00ebt - Fintrade","og_description":"FINTRADE ltd is an Albanian company located in Tirana, with over seven years of successful business experience in the market. Highly ambitious as a company, it aims to supply and support the Albanian and Kosovo market with innovative and high-quality products and solutions in the following industries, Civil Works & Infrastructure, Power Solutions, Water & Waste Water Treatment Systems, Machinery & Equipment.","og_url":"https:\/\/fintrade.al\/sq\/partneret\/","og_site_name":"Fintrade","article_modified_time":"2023-11-17T15:30:15+00:00","twitter_card":"summary_large_image","twitter_misc":{"Est. reading time":"2 minutes"},"schema":{"@context":"https:\/\/schema.org","@graph":[{"@type":"WebPage","@id":"https:\/\/fintrade.al\/sq\/partneret\/","url":"https:\/\/fintrade.al\/sq\/partneret\/","name":"Partner\u00ebt - Fintrade","isPartOf":{"@id":"https:\/\/fintrade.al\/#website"},"datePublished":"2017-10-02T02:33:46+00:00","dateModified":"2023-11-17T15:30:15+00:00","description":"FINTRADE ltd is an Albanian company located in Tirana, with over seven years of successful business experience in the market. Highly ambitious as a company, it aims to supply and support the Albanian and Kosovo market with innovative and high-quality products and solutions in the following industries, Civil Works & Infrastructure, Power Solutions, Water & Waste Water Treatment Systems, Machinery & Equipment.","breadcrumb":{"@id":"https:\/\/fintrade.al\/sq\/partneret\/#breadcrumb"},"inLanguage":"sq-AL","potentialAction":[{"@type":"ReadAction","target":["https:\/\/fintrade.al\/sq\/partneret\/"]}]},{"@type":"BreadcrumbList","@id":"https:\/\/fintrade.al\/sq\/partneret\/#breadcrumb","itemListElement":[{"@type":"ListItem","position":1,"name":"Home","item":"https:\/\/fintrade.al\/sq\/kreu\/"},{"@type":"ListItem","position":2,"name":"Partner\u00ebt"}]},{"@type":"WebSite","@id":"https:\/\/fintrade.al\/#website","url":"https:\/\/fintrade.al\/","name":"Fintrade","description":"Turnkey Solution \u2013 Investment \u2013 Services","publisher":{"@id":"https:\/\/fintrade.al\/#organization"},"potentialAction":[{"@type":"SearchAction","target":{"@type":"EntryPoint","urlTemplate":"https:\/\/fintrade.al\/?s={search_term_string}"},"query-input":"required name=search_term_string"}],"inLanguage":"sq-AL"},{"@type":"Organization","@id":"https:\/\/fintrade.al\/#organization","name":"Fintrade Albania","url":"https:\/\/fintrade.al\/","logo":{"@type":"ImageObject","inLanguage":"sq-AL","@id":"https:\/\/fintrade.al\/#\/schema\/logo\/image\/","url":"https:\/\/fintrade.al\/media\/2022\/02\/fintrade-logo-160x50-1.png","contentUrl":"https:\/\/fintrade.al\/media\/2022\/02\/fintrade-logo-160x50-1.png","width":160,"height":50,"caption":"Fintrade Albania"},"image":{"@id":"https:\/\/fintrade.al\/#\/schema\/logo\/image\/"}}]}},"_links":{"self":[{"href":"https:\/\/fintrade.al\/sq\/wp-json\/wp\/v2\/pages\/2342"}],"collection":[{"href":"https:\/\/fintrade.al\/sq\/wp-json\/wp\/v2\/pages"}],"about":[{"href":"https:\/\/fintrade.al\/sq\/wp-json\/wp\/v2\/types\/page"}],"author":[{"embeddable":true,"href":"https:\/\/fintrade.al\/sq\/wp-json\/wp\/v2\/users\/1"}],"replies":[{"embeddable":true,"href":"https:\/\/fintrade.al\/sq\/wp-json\/wp\/v2\/comments?post=2342"}],"version-history":[{"count":9,"href":"https:\/\/fintrade.al\/sq\/wp-json\/wp\/v2\/pages\/2342\/revisions"}],"predecessor-version":[{"id":2666,"href":"https:\/\/fintrade.al\/sq\/wp-json\/wp\/v2\/pages\/2342\/revisions\/2666"}],"wp:attachment":[{"href":"https:\/\/fintrade.al\/sq\/wp-json\/wp\/v2\/media?parent=2342"}],"curies":[{"name":"wp","href":"https:\/\/api.w.org\/{rel}","templated":true}]}}