{"id":2349,"date":"2017-10-02T02:32:28","date_gmt":"2017-10-02T02:32:28","guid":{"rendered":"https:\/\/fintrade.al\/skuadra-jone\/"},"modified":"2022-05-03T23:33:52","modified_gmt":"2022-05-03T23:33:52","slug":"skuadra-jone","status":"publish","type":"page","link":"https:\/\/fintrade.al\/sq\/skuadra-jone\/","title":{"rendered":"Skuadra Jon\u00eb"},"content":{"rendered":"<p>[vc_row css=&#8221;.vc_custom_1648628626286{background-image: url(https:\/\/fintrade.al\/media\/2017\/10\/slider_1.jpg?id=577) !important;background-position: center !important;background-repeat: no-repeat !important;background-size: cover !important;}&#8221;][vc_column width=&#8221;2\/3&#8243;][vc_column_text css=&#8221;.vc_custom_1649335338725{margin-right: 40px !important;margin-left: 0px !important;padding-top: 100px !important;padding-right: 40px !important;padding-bottom: 100px !important;padding-left: 40px !important;}&#8221;]<\/p>\n<h2 class=\"no-margin-top\" style=\"font-size: 2.5rem; font-weight: 300;\"><span style=\"color: #ffffff;\">Misioni Yn\u00eb \u00ebsht\u00eb t\u00eb b\u00ebhemi <strong>Kompania<\/strong> m\u00eb e mir\u00eb e sh\u00ebrbimit n\u00eb <strong>Ballkanin Per\u00ebndimor.<\/strong><\/span><\/h2>\n<p>[\/vc_column_text][\/vc_column][vc_column width=&#8221;1\/3&#8243;][\/vc_column][\/vc_row][vc_row][vc_column width=&#8221;1\/4&#8243;][vc_empty_space height=&#8221;50px&#8221;][vc_custom_heading text=&#8221;Lidership&#8221; font_container=&#8221;tag:h3|text_align:left&#8221; use_theme_fonts=&#8221;yes&#8221;][vc_empty_space height=&#8221;20px&#8221;][\/vc_column][vc_column width=&#8221;3\/4&#8243;][vc_empty_space height=&#8221;50px&#8221;][vc_column_text]Ekipi i FINTRADE \u00ebsht\u00eb gjithmon\u00eb i p\u00ebrkushtuar p\u00ebr t\u00eb ofruar performanc\u00ebn m\u00eb t\u00eb mir\u00eb p\u00ebr t\u00eb tejkaluar pritshm\u00ebrit\u00eb e klient\u00ebve tan\u00eb. Ekipi yn\u00eb i inxhinier\u00ebve shum\u00eb t\u00eb aft\u00eb dhe profesionist\u00ebve me p\u00ebrvoj\u00eb, i specializuar n\u00eb fusha t\u00eb gjera ekspertize, mb\u00ebshtet projektet tona dhe u ofron klient\u00ebve tan\u00eb asistenc\u00ebn e duhur teknike duke ofruar zgjidhjen e duhur n\u00eb p\u00ebrputhje me rrethanat.<\/p>\n<p> Ne jemi t\u00eb motivuar p\u00ebr t\u00eb ofruar sh\u00ebrbime optimale t\u00eb klasit t\u00eb par\u00eb p\u00ebr klient\u00ebt tan\u00eb.[\/vc_column_text][vc_empty_space height=&#8221;40px&#8221;][\/vc_column][\/vc_row][vc_row disable_element=&#8221;yes&#8221; css=&#8221;.vc_custom_1644490474864{padding-bottom: 40px !important;}&#8221;][vc_column width=&#8221;1\/2&#8243;]\n\t<div class=\"member   vc_custom_1515641396459\">\t\n\t\t<div class=\"member-content\">\n\t\t\t<div class=\"member-image\">\n\t\t\t\t\n\t\t\t\t<div class=\"member-subtitle\">Chairman &amp; CEO<\/div>\n\t\t\t<\/div>\n\t\t\t<div class=\"member-info\">\n\t\t\t\t<h3 class=\"member-name\">Ar. Melligeri<\/h3>\n\t\t\t\t<div class=\"member-desc\"><p>Ar. Melligeri is the founder, chairman, and chief executive officer of GLB.<\/p>\n<\/div>\n\t\t\t\t<div class=\"social-icons\"> <a href=\"#\" data-title=\"Twitter\" class=\"twitter\"><i class=\"fa fa-twitter\"><\/i><\/a> <a href=\"#\" data-title=\"LinkedIn\" class=\"linkedin\"><i class=\"fa fa-linkedin\"><\/i><\/a> <a href=\"#\" data-title=\"Google Plus\" class=\"google-plus\"><i class=\"fa fa-google-plus\"><\/i><\/a><\/div>\n\t\t\t<\/div>\n\t\t<\/div>\n\t<\/div>[vc_empty_space height=&#8221;30px&#8221;]\n\t<div class=\"member   vc_custom_1510027950039\">\t\n\t\t<div class=\"member-content\">\n\t\t\t<div class=\"member-image\">\n\t\t\t\t\n\t\t\t\t<div class=\"member-subtitle\">Chief Financial Officer<\/div>\n\t\t\t<\/div>\n\t\t\t<div class=\"member-info\">\n\t\t\t\t<h3 class=\"member-name\">Jack Durburg<\/h3>\n\t\t\t\t<div class=\"member-desc\"><p>Jack Durburg has over 25 years of experience in Finance and Accounting in fast-paced<\/p>\n<\/div>\n\t\t\t\t<div class=\"social-icons\"> <a href=\"#\" data-title=\"LinkedIn\" class=\"linkedin\"><i class=\"fa fa-linkedin\"><\/i><\/a> <a href=\"#\" data-title=\"Google Plus\" class=\"google-plus\"><i class=\"fa fa-google-plus\"><\/i><\/a><\/div>\n\t\t\t<\/div>\n\t\t<\/div>\n\t<\/div>[vc_empty_space height=&#8221;30px&#8221;][\/vc_column][vc_column width=&#8221;1\/2&#8243;]\n\t<div class=\"member   vc_custom_1510027937809\">\t\n\t\t<div class=\"member-content\">\n\t\t\t<div class=\"member-image\">\n\t\t\t\t\n\t\t\t\t<div class=\"member-subtitle\">Executive Vice President<\/div>\n\t\t\t<\/div>\n\t\t\t<div class=\"member-info\">\n\t\t\t\t<h3 class=\"member-name\">B. Zimmerman<\/h3>\n\t\t\t\t<div class=\"member-desc\"><p>Andrew B. Zimmerman has over 28 years of executive leadership experience.<\/p>\n<\/div>\n\t\t\t\t<div class=\"social-icons\"> <a href=\"#\" data-title=\"Facebook\" class=\"facebook\"><i class=\"fa fa-facebook\"><\/i><\/a> <a href=\"#\" data-title=\"LinkedIn\" class=\"linkedin\"><i class=\"fa fa-linkedin\"><\/i><\/a><\/div>\n\t\t\t<\/div>\n\t\t<\/div>\n\t<\/div>[vc_empty_space height=&#8221;30px&#8221;]\n\t<div class=\"member   vc_custom_1510028341120\">\t\n\t\t<div class=\"member-content\">\n\t\t\t<div class=\"member-image\">\n\t\t\t\t\n\t\t\t\t<div class=\"member-subtitle\">Chief Information Officer<\/div>\n\t\t\t<\/div>\n\t\t\t<div class=\"member-info\">\n\t\t\t\t<h3 class=\"member-name\">Jennifer Ashley<\/h3>\n\t\t\t\t<div class=\"member-desc\"><p>Jennifer Ashley has over 20 years\u2019 experience at growing, multi-national companies.<\/p>\n<\/div>\n\t\t\t\t<div class=\"social-icons\"> <a href=\"#\" data-title=\"Twitter\" class=\"twitter\"><i class=\"fa fa-twitter\"><\/i><\/a> <a href=\"#\" data-title=\"LinkedIn\" class=\"linkedin\"><i class=\"fa fa-linkedin\"><\/i><\/a> <a href=\"#\" data-title=\"Google Plus\" class=\"google-plus\"><i class=\"fa fa-google-plus\"><\/i><\/a><\/div>\n\t\t\t<\/div>\n\t\t<\/div>\n\t<\/div>[vc_empty_space height=&#8221;30px&#8221;][\/vc_column][\/vc_row][vc_row content_placement=&#8221;bottom&#8221; disable_element=&#8221;yes&#8221;][vc_column width=&#8221;2\/3&#8243;][vc_column_text]<\/p>\n<h3 class=\"no-margin-top\">Our People<\/h3>\n<p>Get to know the men and women who blaze new trails for us every day\u2014and who look dang good doing it.<\/p>\n<p>[\/vc_column_text][vc_empty_space height=&#8221;20&#8243;][\/vc_column][vc_column width=&#8221;1\/3&#8243;][vc_column_text]<\/p>\n<p class=\"text-right\"><a class=\"link\" href=\"https:\/\/fintrade.al\/sq\/na-kontaktoni\/\">Bashkohuni me rrjetin ton\u00eb t\u00eb Talenteve<\/a><\/p>\n<p>[\/vc_column_text][vc_empty_space height=&#8221;20px&#8221;][\/vc_column][\/vc_row][vc_row disable_element=&#8221;yes&#8221;][vc_column][vc_separator color=&#8221;custom&#8221; accent_color=&#8221;rgba(2,6,32,0.1)&#8221; css=&#8221;.vc_custom_1510028822927{margin-top: 20px !important;margin-bottom: 50px !important;}&#8221;]\n\t<div class=\"member   vc_custom_1515641281914 has-image\">\t\n\t\t<div class=\"member-content\">\n\t\t\t<div class=\"member-image\">\n\t\t\t\t\n\t\t<img src=\"https:\/\/fintrade.al\/media\/2017\/10\/123.jpg\" alt=\"Bernard Jacobin\" \/>\n\t\n\t\t\t\t<div class=\"member-subtitle\">Commercial Director<\/div>\n\t\t\t<\/div>\n\t\t\t<div class=\"member-info\">\n\t\t\t\t<h3 class=\"member-name\">Bernard Jacobin<\/h3>\n\t\t\t\t<div class=\"member-desc\"><p>An industry expert with more than 25 years of successful experience in full life cycle recruiting and business development, Bernard Jacobin has a proven ability to foster relationships with C-Suite and senior executives in the oil &amp; gas industry.<\/p>\n<p>Bernard a process engineer began his career in 1990 with Alphatem Services in France and worked in the field gaining first-hand experience as project engineer on a solvent pyrolysis pilot project. During his time there he worked in various roles including sales and as Quality Assurance Manager.<\/p>\n<\/div>\n\t\t\t\t<div class=\"social-icons\"> <a href=\"#\" data-title=\"Facebook\" class=\"facebook\"><i class=\"fa fa-facebook\"><\/i><\/a> <a href=\"#\" data-title=\"Twitter\" class=\"twitter\"><i class=\"fa fa-twitter\"><\/i><\/a> <a href=\"#\" data-title=\"LinkedIn\" class=\"linkedin\"><i class=\"fa fa-linkedin\"><\/i><\/a> <a href=\"#\" data-title=\"Google Plus\" class=\"google-plus\"><i class=\"fa fa-google-plus\"><\/i><\/a><\/div>\n\t\t\t<\/div>\n\t\t<\/div>\n\t<\/div>[vc_separator color=&#8221;custom&#8221; accent_color=&#8221;rgba(2,6,32,0.1)&#8221; css=&#8221;.vc_custom_1510028409118{margin-top: 50px !important;margin-bottom: 50px !important;}&#8221;]\n\t<div class=\"member   vc_custom_1515641300379 has-image\">\t\n\t\t<div class=\"member-content\">\n\t\t\t<div class=\"member-image\">\n\t\t\t\t\n\t\t<img src=\"https:\/\/fintrade.al\/media\/2017\/10\/23.jpg\" alt=\"Ajay Prabhu\" \/>\n\t\n\t\t\t\t<div class=\"member-subtitle\">Chief Operating Officer<\/div>\n\t\t\t<\/div>\n\t\t\t<div class=\"member-info\">\n\t\t\t\t<h3 class=\"member-name\">Ajay Prabhu<\/h3>\n\t\t\t\t<div class=\"member-desc\"><p>Ajay Prabhu is the COO of GLB Ajay\u2019s association with GLB dates back to the year 2002, when he took charge of the American Delivery Center, and has grown the organization from 200 employees to 4000+.<\/p>\n<p>He played a pivotal role in GLB\u2019s foray into aero structures domain, which has led to some major business wins for the organization in the aerospace and defense sectors.<\/p>\n<\/div>\n\t\t\t\t<div class=\"social-icons\"> <a href=\"#\" data-title=\"Facebook\" class=\"facebook\"><i class=\"fa fa-facebook\"><\/i><\/a> <a href=\"#\" data-title=\"Twitter\" class=\"twitter\"><i class=\"fa fa-twitter\"><\/i><\/a> <a href=\"#\" data-title=\"LinkedIn\" class=\"linkedin\"><i class=\"fa fa-linkedin\"><\/i><\/a><\/div>\n\t\t\t<\/div>\n\t\t<\/div>\n\t<\/div>[vc_separator color=&#8221;custom&#8221; accent_color=&#8221;rgba(2,6,32,0.1)&#8221; css=&#8221;.vc_custom_1510028409118{margin-top: 50px !important;margin-bottom: 50px !important;}&#8221;]\n\t<div class=\"member   vc_custom_1515641311086 has-image\">\t\n\t\t<div class=\"member-content\">\n\t\t\t<div class=\"member-image\">\n\t\t\t\t\n\t\t<img src=\"https:\/\/fintrade.al\/media\/2017\/10\/45.jpg\" alt=\"Tania King\" \/>\n\t\n\t\t\t\t<div class=\"member-subtitle\">Chief Legal Officer &amp; Chief Compliance Officer<\/div>\n\t\t\t<\/div>\n\t\t\t<div class=\"member-info\">\n\t\t\t\t<h3 class=\"member-name\">Tania King<\/h3>\n\t\t\t\t<div class=\"member-desc\"><p>Tania is a seasoned corporate attorney and executive leader with more than 20 years\u2019 experience at growing, multi-national companies.<\/p>\n<p>At Here, Tania is responsible for all global legal and compliance based matters, corporate security, and serves as the Company\u2019s Secretary to the Board of Directors.<\/p>\n<\/div>\n\t\t\t\t<div class=\"social-icons\"> <a href=\"#\" data-title=\"Twitter\" class=\"twitter\"><i class=\"fa fa-twitter\"><\/i><\/a> <a href=\"#\" data-title=\"LinkedIn\" class=\"linkedin\"><i class=\"fa fa-linkedin\"><\/i><\/a><\/div>\n\t\t\t<\/div>\n\t\t<\/div>\n\t<\/div>[\/vc_column][\/vc_row]<\/p>\n","protected":false},"excerpt":{"rendered":"<p>[vc_row css=&#8221;.vc_custom_1648628626286{background-image: url(https:\/\/fintrade.al\/media\/2017\/10\/slider_1.jpg?id=577) !important;background-position: center !important;background-repeat: no-repeat !important;background-size: cover !important;}&#8221;][vc_column width=&#8221;2\/3&#8243;][vc_column_text css=&#8221;.vc_custom_1649335338725{margin-right: 40px !important;margin-left: 0px !important;padding-top: 100px !important;padding-right: 40px !important;padding-bottom: 100px !important;padding-left: 40px !important;}&#8221;] Misioni Yn\u00eb \u00ebsht\u00eb t\u00eb b\u00ebhemi Kompania m\u00eb e mir\u00eb e sh\u00ebrbimit n\u00eb Ballkanin Per\u00ebndimor. [\/vc_column_text][\/vc_column][vc_column width=&#8221;1\/3&#8243;][\/vc_column][\/vc_row][vc_row][vc_column width=&#8221;1\/4&#8243;][vc_empty_space height=&#8221;50px&#8221;][vc_custom_heading text=&#8221;Lidership&#8221; font_container=&#8221;tag:h3|text_align:left&#8221; use_theme_fonts=&#8221;yes&#8221;][vc_empty_space height=&#8221;20px&#8221;][\/vc_column][vc_column width=&#8221;3\/4&#8243;][vc_empty_space height=&#8221;50px&#8221;][vc_column_text]Ekipi i FINTRADE \u00ebsht\u00eb gjithmon\u00eb i p\u00ebrkushtuar p\u00ebr [&hellip;]<\/p>\n","protected":false},"author":1,"featured_media":0,"parent":0,"menu_order":0,"comment_status":"closed","ping_status":"closed","template":"","meta":[],"acf":[],"yoast_head":"\n<title>Skuadra Jon\u00eb - Fintrade<\/title>\n<meta name=\"description\" content=\"FINTRADE ltd is an Albanian company located in Tirana, with over seven years of successful business experience in the market. Highly ambitious as a company, it aims to supply and support the Albanian and Kosovo market with innovative and high-quality products and solutions in the following industries, Civil Works &amp; Infrastructure, Power Solutions, Water &amp; Waste Water Treatment Systems, Machinery &amp; Equipment.\" \/>\n<meta name=\"robots\" content=\"index, follow, max-snippet:-1, max-image-preview:large, max-video-preview:-1\" \/>\n<link rel=\"canonical\" href=\"https:\/\/fintrade.al\/sq\/skuadra-jone\/\" \/>\n<meta property=\"og:locale\" content=\"sq_AL\" \/>\n<meta property=\"og:type\" content=\"article\" \/>\n<meta property=\"og:title\" content=\"Skuadra Jon\u00eb - Fintrade\" \/>\n<meta property=\"og:description\" content=\"FINTRADE ltd is an Albanian company located in Tirana, with over seven years of successful business experience in the market. Highly ambitious as a company, it aims to supply and support the Albanian and Kosovo market with innovative and high-quality products and solutions in the following industries, Civil Works &amp; Infrastructure, Power Solutions, Water &amp; Waste Water Treatment Systems, Machinery &amp; Equipment.\" \/>\n<meta property=\"og:url\" content=\"https:\/\/fintrade.al\/sq\/skuadra-jone\/\" \/>\n<meta property=\"og:site_name\" content=\"Fintrade\" \/>\n<meta property=\"article:modified_time\" content=\"2022-05-03T23:33:52+00:00\" \/>\n<meta name=\"twitter:card\" content=\"summary_large_image\" \/>\n<meta name=\"twitter:label1\" content=\"Est. reading time\" \/>\n\t<meta name=\"twitter:data1\" content=\"4 minutes\" \/>\n<script type=\"application\/ld+json\" class=\"yoast-schema-graph\">{\"@context\":\"https:\/\/schema.org\",\"@graph\":[{\"@type\":\"WebPage\",\"@id\":\"https:\/\/fintrade.al\/sq\/skuadra-jone\/\",\"url\":\"https:\/\/fintrade.al\/sq\/skuadra-jone\/\",\"name\":\"Skuadra Jon\u00eb - Fintrade\",\"isPartOf\":{\"@id\":\"https:\/\/fintrade.al\/#website\"},\"datePublished\":\"2017-10-02T02:32:28+00:00\",\"dateModified\":\"2022-05-03T23:33:52+00:00\",\"description\":\"FINTRADE ltd is an Albanian company located in Tirana, with over seven years of successful business experience in the market. Highly ambitious as a company, it aims to supply and support the Albanian and Kosovo market with innovative and high-quality products and solutions in the following industries, Civil Works & Infrastructure, Power Solutions, Water & Waste Water Treatment Systems, Machinery & Equipment.\",\"breadcrumb\":{\"@id\":\"https:\/\/fintrade.al\/sq\/skuadra-jone\/#breadcrumb\"},\"inLanguage\":\"sq-AL\",\"potentialAction\":[{\"@type\":\"ReadAction\",\"target\":[\"https:\/\/fintrade.al\/sq\/skuadra-jone\/\"]}]},{\"@type\":\"BreadcrumbList\",\"@id\":\"https:\/\/fintrade.al\/sq\/skuadra-jone\/#breadcrumb\",\"itemListElement\":[{\"@type\":\"ListItem\",\"position\":1,\"name\":\"Home\",\"item\":\"https:\/\/fintrade.al\/sq\/kreu\/\"},{\"@type\":\"ListItem\",\"position\":2,\"name\":\"Skuadra Jon\u00eb\"}]},{\"@type\":\"WebSite\",\"@id\":\"https:\/\/fintrade.al\/#website\",\"url\":\"https:\/\/fintrade.al\/\",\"name\":\"Fintrade\",\"description\":\"Turnkey Solution \u2013 Investment \u2013 Services\",\"publisher\":{\"@id\":\"https:\/\/fintrade.al\/#organization\"},\"potentialAction\":[{\"@type\":\"SearchAction\",\"target\":{\"@type\":\"EntryPoint\",\"urlTemplate\":\"https:\/\/fintrade.al\/?s={search_term_string}\"},\"query-input\":\"required name=search_term_string\"}],\"inLanguage\":\"sq-AL\"},{\"@type\":\"Organization\",\"@id\":\"https:\/\/fintrade.al\/#organization\",\"name\":\"Fintrade Albania\",\"url\":\"https:\/\/fintrade.al\/\",\"logo\":{\"@type\":\"ImageObject\",\"inLanguage\":\"sq-AL\",\"@id\":\"https:\/\/fintrade.al\/#\/schema\/logo\/image\/\",\"url\":\"https:\/\/fintrade.al\/media\/2022\/02\/fintrade-logo-160x50-1.png\",\"contentUrl\":\"https:\/\/fintrade.al\/media\/2022\/02\/fintrade-logo-160x50-1.png\",\"width\":160,\"height\":50,\"caption\":\"Fintrade Albania\"},\"image\":{\"@id\":\"https:\/\/fintrade.al\/#\/schema\/logo\/image\/\"}}]}<\/script>\n","yoast_head_json":{"title":"Skuadra Jon\u00eb - Fintrade","description":"FINTRADE ltd is an Albanian company located in Tirana, with over seven years of successful business experience in the market. Highly ambitious as a company, it aims to supply and support the Albanian and Kosovo market with innovative and high-quality products and solutions in the following industries, Civil Works & Infrastructure, Power Solutions, Water & Waste Water Treatment Systems, Machinery & Equipment.","robots":{"index":"index","follow":"follow","max-snippet":"max-snippet:-1","max-image-preview":"max-image-preview:large","max-video-preview":"max-video-preview:-1"},"canonical":"https:\/\/fintrade.al\/sq\/skuadra-jone\/","og_locale":"sq_AL","og_type":"article","og_title":"Skuadra Jon\u00eb - Fintrade","og_description":"FINTRADE ltd is an Albanian company located in Tirana, with over seven years of successful business experience in the market. Highly ambitious as a company, it aims to supply and support the Albanian and Kosovo market with innovative and high-quality products and solutions in the following industries, Civil Works & Infrastructure, Power Solutions, Water & Waste Water Treatment Systems, Machinery & Equipment.","og_url":"https:\/\/fintrade.al\/sq\/skuadra-jone\/","og_site_name":"Fintrade","article_modified_time":"2022-05-03T23:33:52+00:00","twitter_card":"summary_large_image","twitter_misc":{"Est. reading time":"4 minutes"},"schema":{"@context":"https:\/\/schema.org","@graph":[{"@type":"WebPage","@id":"https:\/\/fintrade.al\/sq\/skuadra-jone\/","url":"https:\/\/fintrade.al\/sq\/skuadra-jone\/","name":"Skuadra Jon\u00eb - Fintrade","isPartOf":{"@id":"https:\/\/fintrade.al\/#website"},"datePublished":"2017-10-02T02:32:28+00:00","dateModified":"2022-05-03T23:33:52+00:00","description":"FINTRADE ltd is an Albanian company located in Tirana, with over seven years of successful business experience in the market. Highly ambitious as a company, it aims to supply and support the Albanian and Kosovo market with innovative and high-quality products and solutions in the following industries, Civil Works & Infrastructure, Power Solutions, Water & Waste Water Treatment Systems, Machinery & Equipment.","breadcrumb":{"@id":"https:\/\/fintrade.al\/sq\/skuadra-jone\/#breadcrumb"},"inLanguage":"sq-AL","potentialAction":[{"@type":"ReadAction","target":["https:\/\/fintrade.al\/sq\/skuadra-jone\/"]}]},{"@type":"BreadcrumbList","@id":"https:\/\/fintrade.al\/sq\/skuadra-jone\/#breadcrumb","itemListElement":[{"@type":"ListItem","position":1,"name":"Home","item":"https:\/\/fintrade.al\/sq\/kreu\/"},{"@type":"ListItem","position":2,"name":"Skuadra Jon\u00eb"}]},{"@type":"WebSite","@id":"https:\/\/fintrade.al\/#website","url":"https:\/\/fintrade.al\/","name":"Fintrade","description":"Turnkey Solution \u2013 Investment \u2013 Services","publisher":{"@id":"https:\/\/fintrade.al\/#organization"},"potentialAction":[{"@type":"SearchAction","target":{"@type":"EntryPoint","urlTemplate":"https:\/\/fintrade.al\/?s={search_term_string}"},"query-input":"required name=search_term_string"}],"inLanguage":"sq-AL"},{"@type":"Organization","@id":"https:\/\/fintrade.al\/#organization","name":"Fintrade Albania","url":"https:\/\/fintrade.al\/","logo":{"@type":"ImageObject","inLanguage":"sq-AL","@id":"https:\/\/fintrade.al\/#\/schema\/logo\/image\/","url":"https:\/\/fintrade.al\/media\/2022\/02\/fintrade-logo-160x50-1.png","contentUrl":"https:\/\/fintrade.al\/media\/2022\/02\/fintrade-logo-160x50-1.png","width":160,"height":50,"caption":"Fintrade Albania"},"image":{"@id":"https:\/\/fintrade.al\/#\/schema\/logo\/image\/"}}]}},"_links":{"self":[{"href":"https:\/\/fintrade.al\/sq\/wp-json\/wp\/v2\/pages\/2349"}],"collection":[{"href":"https:\/\/fintrade.al\/sq\/wp-json\/wp\/v2\/pages"}],"about":[{"href":"https:\/\/fintrade.al\/sq\/wp-json\/wp\/v2\/types\/page"}],"author":[{"embeddable":true,"href":"https:\/\/fintrade.al\/sq\/wp-json\/wp\/v2\/users\/1"}],"replies":[{"embeddable":true,"href":"https:\/\/fintrade.al\/sq\/wp-json\/wp\/v2\/comments?post=2349"}],"version-history":[{"count":11,"href":"https:\/\/fintrade.al\/sq\/wp-json\/wp\/v2\/pages\/2349\/revisions"}],"predecessor-version":[{"id":2519,"href":"https:\/\/fintrade.al\/sq\/wp-json\/wp\/v2\/pages\/2349\/revisions\/2519"}],"wp:attachment":[{"href":"https:\/\/fintrade.al\/sq\/wp-json\/wp\/v2\/media?parent=2349"}],"curies":[{"name":"wp","href":"https:\/\/api.w.org\/{rel}","templated":true}]}}