{"id":2352,"date":"2017-10-02T02:27:49","date_gmt":"2017-10-02T02:27:49","guid":{"rendered":"https:\/\/fintrade.al\/misioni-vlerat\/"},"modified":"2022-05-03T23:07:37","modified_gmt":"2022-05-03T23:07:37","slug":"misioni-vlerat","status":"publish","type":"page","link":"https:\/\/fintrade.al\/sq\/misioni-vlerat\/","title":{"rendered":"Misioni &amp; Vlerat"},"content":{"rendered":"<p>[vc_row css=&#8221;.vc_custom_1510549578711{margin-right: 0px !important;margin-left: 0px !important;padding-top: 100px !important;padding-right: 40px !important;padding-bottom: 100px !important;padding-left: 40px !important;background-image: url(https:\/\/fintrade.al\/media\/\/2017\/10\/stock-market-trading-PRKKJK231.jpg?id=475) !important;background-position: center !important;background-repeat: no-repeat !important;background-size: cover !important;}&#8221;][vc_column width=&#8221;2\/3&#8243;][vc_column_text]<\/p>\n<h2 class=\"no-margin-top\" style=\"font-size: 2.5rem; font-weight: 300;\"><span style=\"color: #ffffff;\">Misioni Yn\u00eb \u00ebsht\u00eb t\u00eb b\u00ebhemi <strong>Kompania<\/strong> m\u00eb e mir\u00eb e sh\u00ebrbimit n\u00eb <strong>Ballkanin Per\u00ebndimor.<\/strong><\/span><\/h2>\n<p>[\/vc_column_text][\/vc_column][vc_column width=&#8221;1\/3&#8243;][\/vc_column][\/vc_row][vc_row css=&#8221;.vc_custom_1510549832750{padding-top: 50px !important;}&#8221;][vc_column width=&#8221;1\/4&#8243;][vc_custom_heading text=&#8221;Vizioni Yn\u00eb&#8221; font_container=&#8221;tag:h3|text_align:left&#8221; use_theme_fonts=&#8221;yes&#8221;][vc_empty_space height=&#8221;20px&#8221;][\/vc_column][vc_column width=&#8221;3\/4&#8243;][vc_column_text]T\u00eb b\u00ebhemi ofruesi m\u00eb i madh i sistemeve turnkey n\u00eb Shqip\u00ebri dhe Kosov\u00eb.[\/vc_column_text][\/vc_column][\/vc_row][vc_row css=&#8221;.vc_custom_1510549832750{padding-top: 50px !important;}&#8221;][vc_column width=&#8221;1\/4&#8243;][vc_custom_heading text=&#8221;Misioni Yn\u00eb&#8221; font_container=&#8221;tag:h3|text_align:left&#8221; use_theme_fonts=&#8221;yes&#8221;][vc_empty_space height=&#8221;20px&#8221;][\/vc_column][vc_column width=&#8221;3\/4&#8243;][vc_column_text]Ofrimi i produkteve dhe sistemeve inovative dhe cil\u00ebsore.[\/vc_column_text][\/vc_column][\/vc_row][vc_row css=&#8221;.vc_custom_1510549832750{padding-top: 50px !important;}&#8221;][vc_column width=&#8221;1\/4&#8243;][vc_custom_heading text=&#8221;Deklarata dhe Politika HSE&#8221; font_container=&#8221;tag:h3|text_align:left&#8221; use_theme_fonts=&#8221;yes&#8221;][vc_empty_space height=&#8221;20px&#8221;][\/vc_column][vc_column width=&#8221;3\/4&#8243;][vc_column_text]Deklarata e Politik\u00ebs s\u00eb Sh\u00ebndetit, Siguris\u00eb dhe Mjedisit e Kompanis\u00eb \u201cFINTRADE\u201d \u00ebsht\u00eb e p\u00ebrkushtuar p\u00ebr arritjen e nj\u00eb biznesi t\u00eb sigurt, t\u00eb sh\u00ebndetsh\u00ebm, pa l\u00ebndime n\u00eb personel dhe hap\u00ebsira mjedisore duke identifikuar rreziqet e mundshme p\u00ebr sh\u00ebndetin, sigurin\u00eb dhe mjedisin, duke i eliminuar ato aty ku \u00ebsht\u00eb e mundur dhe duke zbatuar rrezik efektivisht masat e kontrollit\u2026m\u00ebso m\u00eb shum\u00eb[\/vc_column_text][\/vc_column][\/vc_row][vc_row css=&#8221;.vc_custom_1510549832750{padding-top: 50px !important;}&#8221;][vc_column width=&#8221;1\/4&#8243;][vc_custom_heading text=&#8221;Vlerat Themelore&#8221; font_container=&#8221;tag:h3|text_align:left&#8221; use_theme_fonts=&#8221;yes&#8221;][vc_empty_space height=&#8221;20px&#8221;][\/vc_column][vc_column width=&#8221;3\/4&#8243;][vc_column_text]<span data-preserver-spaces=\"true\">Vlerat q\u00eb p\u00ebrcaktojn\u00eb FINTRADE jan\u00eb Besueshm\u00ebria, Dinamizmi, Inovacioni dhe Cil\u00ebsia.<\/span><\/p>\n<p><span data-preserver-spaces=\"true\">FINTRADE beson se siguria \u00ebsht\u00eb themeli i kompanis\u00eb. P\u00ebr t\u00eb qen\u00eb p\u00ebrgjegj\u00ebs ndaj aksioner\u00ebve dhe shoq\u00ebris\u00eb, FINTRADE k\u00ebmb\u00ebngul n\u00eb nj\u00eb k\u00ebrkes\u00eb thelb\u00ebsore p\u00ebr t\u00eb mos b\u00ebr\u00eb kurr\u00eb kompromise n\u00eb lidhje me sigurin\u00eb. FINTRADE beson se siguria \u00ebsht\u00eb themeli i kompanis\u00eb. <\/span><\/p>\n<p><span data-preserver-spaces=\"true\">Deklarata e Politik\u00ebs s\u00eb Sh\u00ebndetit, Siguris\u00eb dhe Mjedisit t\u00eb kompanis\u00eb \u201cFINTRADE\u201d \u00ebsht\u00eb e p\u00ebrkushtuar p\u00ebr arritjen e nj\u00eb biznesi t\u00eb sigurt, t\u00eb sh\u00ebndetsh\u00ebm, pa l\u00ebndime dhe mjedisor duke identifikuar rreziqet e mundshme t\u00eb sh\u00ebndetit, siguris\u00eb dhe mjedisit dhe duke i eliminuar ato, ku \u00ebsht\u00eb e mundur, masat e duhura t\u00eb kontrollit t\u00eb rrezikut.<\/span><\/p>\n<p><span data-preserver-spaces=\"true\">Politikat, procedurat dhe praktikat e HSE ndjekin k\u00ebrkesat legjislative, industrin\u00eb dhe standardet, konceptet e praktikave m\u00eb t\u00eb mira dhe ISO14001 dhe OHAS 18001.<\/span><\/p>\n<p><span data-preserver-spaces=\"true\">M\u00eb posht\u00eb jan\u00eb q\u00ebllimet dhe objektivat e Sistemit t\u00eb Menaxhimit t\u00eb HSE:<\/span><\/p>\n<ul>\n<li><span data-preserver-spaces=\"true\">P\u00ebr t\u00eb siguruar p\u00ebrputhjen me kodet dhe standardet nd\u00ebrkomb\u00ebtare.<\/span><\/li>\n<li><span data-preserver-spaces=\"true\">Zero d\u00ebmtime t\u00eb koh\u00ebs s\u00eb humbur, paaft\u00ebsi t\u00eb p\u00ebrhershme dhe aksidente fatale.<\/span><\/li>\n<li><span data-preserver-spaces=\"true\">Zero Humbje t\u00eb R\u00ebnd\u00ebsishme t\u00eb Pron\u00ebs.<\/span><\/li>\n<li><span data-preserver-spaces=\"true\">P\u00ebrjashtimi i kushteve\/situatave t\u00eb pasigurta n\u00eb vend.<\/span><\/li>\n<li><span data-preserver-spaces=\"true\">P\u00ebrjashtimi i problemeve q\u00eb mund t\u00eb d\u00ebmtojn\u00eb sh\u00ebndetin e punonj\u00ebsve.<\/span><\/li>\n<li><span data-preserver-spaces=\"true\">P\u00ebrjashtimi i aktiviteteve q\u00eb mund t\u00eb d\u00ebmtojn\u00eb mjedisin.<\/span><\/li>\n<li><span data-preserver-spaces=\"true\">P\u00ebr t\u00eb ruajtur imazhin e kompanis\u00eb.<\/span><\/li>\n<\/ul>\n<p>[\/vc_column_text][\/vc_column][\/vc_row]<\/p>\n","protected":false},"excerpt":{"rendered":"<p>[vc_row css=&#8221;.vc_custom_1510549578711{margin-right: 0px !important;margin-left: 0px !important;padding-top: 100px !important;padding-right: 40px !important;padding-bottom: 100px !important;padding-left: 40px !important;background-image: url(https:\/\/fintrade.al\/media\/\/2017\/10\/stock-market-trading-PRKKJK231.jpg?id=475) !important;background-position: center !important;background-repeat: no-repeat !important;background-size: cover !important;}&#8221;][vc_column width=&#8221;2\/3&#8243;][vc_column_text] Misioni Yn\u00eb \u00ebsht\u00eb t\u00eb b\u00ebhemi Kompania m\u00eb e mir\u00eb e sh\u00ebrbimit n\u00eb Ballkanin Per\u00ebndimor. [\/vc_column_text][\/vc_column][vc_column width=&#8221;1\/3&#8243;][\/vc_column][\/vc_row][vc_row css=&#8221;.vc_custom_1510549832750{padding-top: 50px !important;}&#8221;][vc_column width=&#8221;1\/4&#8243;][vc_custom_heading text=&#8221;Vizioni Yn\u00eb&#8221; font_container=&#8221;tag:h3|text_align:left&#8221; use_theme_fonts=&#8221;yes&#8221;][vc_empty_space height=&#8221;20px&#8221;][\/vc_column][vc_column width=&#8221;3\/4&#8243;][vc_column_text]T\u00eb b\u00ebhemi ofruesi m\u00eb i madh i [&hellip;]<\/p>\n","protected":false},"author":1,"featured_media":0,"parent":0,"menu_order":0,"comment_status":"closed","ping_status":"closed","template":"","meta":[],"acf":[],"yoast_head":"\n<title>Misioni &amp; Vlerat - Fintrade<\/title>\n<meta name=\"description\" content=\"FINTRADE ltd is an Albanian company located in Tirana, with over seven years of successful business experience in the market. Highly ambitious as a company, it aims to supply and support the Albanian and Kosovo market with innovative and high-quality products and solutions in the following industries, Civil Works &amp; Infrastructure, Power Solutions, Water &amp; Waste Water Treatment Systems, Machinery &amp; Equipment.\" \/>\n<meta name=\"robots\" content=\"index, follow, max-snippet:-1, max-image-preview:large, max-video-preview:-1\" \/>\n<link rel=\"canonical\" href=\"https:\/\/fintrade.al\/sq\/misioni-vlerat\/\" \/>\n<meta property=\"og:locale\" content=\"sq_AL\" \/>\n<meta property=\"og:type\" content=\"article\" \/>\n<meta property=\"og:title\" content=\"Misioni &amp; Vlerat - Fintrade\" \/>\n<meta property=\"og:description\" content=\"FINTRADE ltd is an Albanian company located in Tirana, with over seven years of successful business experience in the market. Highly ambitious as a company, it aims to supply and support the Albanian and Kosovo market with innovative and high-quality products and solutions in the following industries, Civil Works &amp; Infrastructure, Power Solutions, Water &amp; Waste Water Treatment Systems, Machinery &amp; Equipment.\" \/>\n<meta property=\"og:url\" content=\"https:\/\/fintrade.al\/sq\/misioni-vlerat\/\" \/>\n<meta property=\"og:site_name\" content=\"Fintrade\" \/>\n<meta property=\"article:modified_time\" content=\"2022-05-03T23:07:37+00:00\" \/>\n<meta name=\"twitter:card\" content=\"summary_large_image\" \/>\n<meta name=\"twitter:label1\" content=\"Est. reading time\" \/>\n\t<meta name=\"twitter:data1\" content=\"2 minutes\" \/>\n<script type=\"application\/ld+json\" class=\"yoast-schema-graph\">{\"@context\":\"https:\/\/schema.org\",\"@graph\":[{\"@type\":\"WebPage\",\"@id\":\"https:\/\/fintrade.al\/sq\/misioni-vlerat\/\",\"url\":\"https:\/\/fintrade.al\/sq\/misioni-vlerat\/\",\"name\":\"Misioni &amp; Vlerat - Fintrade\",\"isPartOf\":{\"@id\":\"https:\/\/fintrade.al\/#website\"},\"datePublished\":\"2017-10-02T02:27:49+00:00\",\"dateModified\":\"2022-05-03T23:07:37+00:00\",\"description\":\"FINTRADE ltd is an Albanian company located in Tirana, with over seven years of successful business experience in the market. Highly ambitious as a company, it aims to supply and support the Albanian and Kosovo market with innovative and high-quality products and solutions in the following industries, Civil Works & Infrastructure, Power Solutions, Water & Waste Water Treatment Systems, Machinery & Equipment.\",\"breadcrumb\":{\"@id\":\"https:\/\/fintrade.al\/sq\/misioni-vlerat\/#breadcrumb\"},\"inLanguage\":\"sq-AL\",\"potentialAction\":[{\"@type\":\"ReadAction\",\"target\":[\"https:\/\/fintrade.al\/sq\/misioni-vlerat\/\"]}]},{\"@type\":\"BreadcrumbList\",\"@id\":\"https:\/\/fintrade.al\/sq\/misioni-vlerat\/#breadcrumb\",\"itemListElement\":[{\"@type\":\"ListItem\",\"position\":1,\"name\":\"Home\",\"item\":\"https:\/\/fintrade.al\/sq\/kreu\/\"},{\"@type\":\"ListItem\",\"position\":2,\"name\":\"Misioni &amp; Vlerat\"}]},{\"@type\":\"WebSite\",\"@id\":\"https:\/\/fintrade.al\/#website\",\"url\":\"https:\/\/fintrade.al\/\",\"name\":\"Fintrade\",\"description\":\"Turnkey Solution \u2013 Investment \u2013 Services\",\"publisher\":{\"@id\":\"https:\/\/fintrade.al\/#organization\"},\"potentialAction\":[{\"@type\":\"SearchAction\",\"target\":{\"@type\":\"EntryPoint\",\"urlTemplate\":\"https:\/\/fintrade.al\/?s={search_term_string}\"},\"query-input\":\"required name=search_term_string\"}],\"inLanguage\":\"sq-AL\"},{\"@type\":\"Organization\",\"@id\":\"https:\/\/fintrade.al\/#organization\",\"name\":\"Fintrade Albania\",\"url\":\"https:\/\/fintrade.al\/\",\"logo\":{\"@type\":\"ImageObject\",\"inLanguage\":\"sq-AL\",\"@id\":\"https:\/\/fintrade.al\/#\/schema\/logo\/image\/\",\"url\":\"https:\/\/fintrade.al\/media\/2022\/02\/fintrade-logo-160x50-1.png\",\"contentUrl\":\"https:\/\/fintrade.al\/media\/2022\/02\/fintrade-logo-160x50-1.png\",\"width\":160,\"height\":50,\"caption\":\"Fintrade Albania\"},\"image\":{\"@id\":\"https:\/\/fintrade.al\/#\/schema\/logo\/image\/\"}}]}<\/script>\n","yoast_head_json":{"title":"Misioni &amp; Vlerat - Fintrade","description":"FINTRADE ltd is an Albanian company located in Tirana, with over seven years of successful business experience in the market. Highly ambitious as a company, it aims to supply and support the Albanian and Kosovo market with innovative and high-quality products and solutions in the following industries, Civil Works & Infrastructure, Power Solutions, Water & Waste Water Treatment Systems, Machinery & Equipment.","robots":{"index":"index","follow":"follow","max-snippet":"max-snippet:-1","max-image-preview":"max-image-preview:large","max-video-preview":"max-video-preview:-1"},"canonical":"https:\/\/fintrade.al\/sq\/misioni-vlerat\/","og_locale":"sq_AL","og_type":"article","og_title":"Misioni &amp; Vlerat - Fintrade","og_description":"FINTRADE ltd is an Albanian company located in Tirana, with over seven years of successful business experience in the market. Highly ambitious as a company, it aims to supply and support the Albanian and Kosovo market with innovative and high-quality products and solutions in the following industries, Civil Works & Infrastructure, Power Solutions, Water & Waste Water Treatment Systems, Machinery & Equipment.","og_url":"https:\/\/fintrade.al\/sq\/misioni-vlerat\/","og_site_name":"Fintrade","article_modified_time":"2022-05-03T23:07:37+00:00","twitter_card":"summary_large_image","twitter_misc":{"Est. reading time":"2 minutes"},"schema":{"@context":"https:\/\/schema.org","@graph":[{"@type":"WebPage","@id":"https:\/\/fintrade.al\/sq\/misioni-vlerat\/","url":"https:\/\/fintrade.al\/sq\/misioni-vlerat\/","name":"Misioni &amp; Vlerat - Fintrade","isPartOf":{"@id":"https:\/\/fintrade.al\/#website"},"datePublished":"2017-10-02T02:27:49+00:00","dateModified":"2022-05-03T23:07:37+00:00","description":"FINTRADE ltd is an Albanian company located in Tirana, with over seven years of successful business experience in the market. Highly ambitious as a company, it aims to supply and support the Albanian and Kosovo market with innovative and high-quality products and solutions in the following industries, Civil Works & Infrastructure, Power Solutions, Water & Waste Water Treatment Systems, Machinery & Equipment.","breadcrumb":{"@id":"https:\/\/fintrade.al\/sq\/misioni-vlerat\/#breadcrumb"},"inLanguage":"sq-AL","potentialAction":[{"@type":"ReadAction","target":["https:\/\/fintrade.al\/sq\/misioni-vlerat\/"]}]},{"@type":"BreadcrumbList","@id":"https:\/\/fintrade.al\/sq\/misioni-vlerat\/#breadcrumb","itemListElement":[{"@type":"ListItem","position":1,"name":"Home","item":"https:\/\/fintrade.al\/sq\/kreu\/"},{"@type":"ListItem","position":2,"name":"Misioni &amp; Vlerat"}]},{"@type":"WebSite","@id":"https:\/\/fintrade.al\/#website","url":"https:\/\/fintrade.al\/","name":"Fintrade","description":"Turnkey Solution \u2013 Investment \u2013 Services","publisher":{"@id":"https:\/\/fintrade.al\/#organization"},"potentialAction":[{"@type":"SearchAction","target":{"@type":"EntryPoint","urlTemplate":"https:\/\/fintrade.al\/?s={search_term_string}"},"query-input":"required name=search_term_string"}],"inLanguage":"sq-AL"},{"@type":"Organization","@id":"https:\/\/fintrade.al\/#organization","name":"Fintrade Albania","url":"https:\/\/fintrade.al\/","logo":{"@type":"ImageObject","inLanguage":"sq-AL","@id":"https:\/\/fintrade.al\/#\/schema\/logo\/image\/","url":"https:\/\/fintrade.al\/media\/2022\/02\/fintrade-logo-160x50-1.png","contentUrl":"https:\/\/fintrade.al\/media\/2022\/02\/fintrade-logo-160x50-1.png","width":160,"height":50,"caption":"Fintrade Albania"},"image":{"@id":"https:\/\/fintrade.al\/#\/schema\/logo\/image\/"}}]}},"_links":{"self":[{"href":"https:\/\/fintrade.al\/sq\/wp-json\/wp\/v2\/pages\/2352"}],"collection":[{"href":"https:\/\/fintrade.al\/sq\/wp-json\/wp\/v2\/pages"}],"about":[{"href":"https:\/\/fintrade.al\/sq\/wp-json\/wp\/v2\/types\/page"}],"author":[{"embeddable":true,"href":"https:\/\/fintrade.al\/sq\/wp-json\/wp\/v2\/users\/1"}],"replies":[{"embeddable":true,"href":"https:\/\/fintrade.al\/sq\/wp-json\/wp\/v2\/comments?post=2352"}],"version-history":[{"count":8,"href":"https:\/\/fintrade.al\/sq\/wp-json\/wp\/v2\/pages\/2352\/revisions"}],"predecessor-version":[{"id":2496,"href":"https:\/\/fintrade.al\/sq\/wp-json\/wp\/v2\/pages\/2352\/revisions\/2496"}],"wp:attachment":[{"href":"https:\/\/fintrade.al\/sq\/wp-json\/wp\/v2\/media?parent=2352"}],"curies":[{"name":"wp","href":"https:\/\/api.w.org\/{rel}","templated":true}]}}