{"id":2356,"date":"2017-10-02T02:36:42","date_gmt":"2017-10-02T02:36:42","guid":{"rendered":"https:\/\/fintrade.al\/perse-ne\/"},"modified":"2022-05-04T15:58:19","modified_gmt":"2022-05-04T15:58:19","slug":"perse-ne","status":"publish","type":"page","link":"https:\/\/fintrade.al\/sq\/perse-ne\/","title":{"rendered":"P\u00ebrse Ne?"},"content":{"rendered":"<p>[vc_row css=&#8221;.vc_custom_1510564995358{margin-right: 0px !important;margin-bottom: 50px !important;margin-left: 0px !important;padding-top: 80px !important;padding-right: 40px !important;padding-bottom: 80px !important;padding-left: 40px !important;background-image: url(https:\/\/fintrade.al\/media\/\/2017\/10\/slider_2.jpg?id=579) !important;background-position: center !important;background-repeat: no-repeat !important;background-size: cover !important;}&#8221;][vc_column width=&#8221;1\/2&#8243;][\/vc_column][vc_column width=&#8221;1\/2&#8243;][vc_column_text]<\/p>\n<p class=\"no-margin-top no-margin-bottom\" style=\"font-size: 1.5rem;\">Kompanit\u00eb m\u00eb t\u00eb m\u00ebdha n\u00eb tregun shqiptar kan\u00eb zgjedhur <strong>FINTRADE<\/strong>si partner.<\/p>\n<p>[\/vc_column_text][\/vc_column][\/vc_row][vc_row][vc_column][vc_column_text]<span class=\"large-text\" style=\"color: #8d8ea3;\">FINTRADE sh.pk \u00ebsht\u00eb nj\u00eb kompani shqiptare e vendosur n\u00eb Tiran\u00eb, me p\u00ebrvoj\u00eb t\u00eb suksesshme biznesi n\u00eb treg dhe e mb\u00ebshtetur nga Finman Holding.<\/span> Si kompani shum\u00eb ambicioze, ajo synon t\u00eb furnizoj\u00eb dhe mb\u00ebshtes\u00eb tregun shqiptar dhe at\u00eb t\u00eb Kosov\u00ebs me produkte dhe zgjidhje inovative dhe cil\u00ebsore n\u00eb industrit\u00eb e m\u00ebposhtme, Punime Civile &amp; Infrastruktur\u00eb, Zgjidhje Energjitike, Sisteme t\u00eb Trajtimit t\u00eb Ujit dhe Uj\u00ebrave t\u00eb Zeza, Makineri &amp; Pajisje.<\/p>\n<p>FINTRADE ofron nj\u00eb qasje t\u00eb drejtp\u00ebrdrejt\u00eb p\u00ebr klient\u00ebt e saj, duke ofruar nj\u00eb sh\u00ebrbim t\u00eb shk\u00eblqyer. Me staf shum\u00eb t\u00eb motivuar dhe ambicioz, departamentet tona sigurojn\u00eb \u00e7mime konkurruese, cil\u00ebsi t\u00eb lart\u00eb dhe kujdes t\u00eb shpejt\u00eb ndaj klientit.<\/p>\n<p>Kompania jon\u00eb ofron nj\u00eb gam\u00eb t\u00eb gjer\u00eb materialesh, t\u00eb aplikueshme n\u00eb industri t\u00eb ndryshme. K\u00ebto materiale kan\u00eb kontribuar n\u00eb zbatimin e projekteve t\u00eb r\u00ebnd\u00ebsishme infrastrukturore dhe energjetike n\u00eb zon\u00eb.[\/vc_column_text][vc_empty_space][vc_column_text]<\/p>\n<h1>FAKTE<\/h1>\n<p>[\/vc_column_text][vc_empty_space]<ul class=\"iconlist iconlist iconlist-icon-large \"><li ><div class=\"iconlist-item-icon\"><i class=\"entypo-icon entypo-icon-check\"><\/i><span class=\"shapes\"><\/span><\/div><div class=\"iconlist-item-content\"><br \/>\nMBI 1 MILION METRA TUBA U SHITEN NE TE GJITHE VENDIN NE 2017.<\/div><\/li><li ><div class=\"iconlist-item-icon\"><i class=\"entypo-icon entypo-icon-check\"><\/i><span class=\"shapes\"><\/span><\/div><div class=\"iconlist-item-content\"><br \/>\nP\u00cbRFAQ\u00cbSUES I MARKAVE M\u00cb PRISTIJOZE T\u00cb PRODHUESVE Q\u00cb OPEROJN\u00cb N\u00cb TREGUN ND\u00cbRKOMB\u00cbTAR.<\/div><\/li><li ><div class=\"iconlist-item-icon\"><i class=\"entypo-icon entypo-icon-check\"><\/i><span class=\"shapes\"><\/span><\/div><div class=\"iconlist-item-content\"><br \/>\nFINTRADE KA D\u00cbRGUAR KAMIONIN E PAR\u00cb FSHES\u00cb NE SHQIPERI ME 5 FAZA RICICLIMI, DUKE UDH\u00cbHEQUR TREGUN N\u00cb MAKINA T\u00cb TRAJTIMIT T\u00cb UJ\u00cbRAVE T\u00cb ZEZA.<\/div><\/li><li ><div class=\"iconlist-item-icon\"><i class=\"entypo-icon entypo-icon-check\"><\/i><span class=\"shapes\"><\/span><\/div><div class=\"iconlist-item-content\"><br \/>\nFINTRADE \u00cbSHT\u00cb E SPECIALIZUAR N\u00cb ZBATIMIN E SISTEMIT SCADA.<br \/>\n<\/div><\/li><li ><div class=\"iconlist-item-icon\"><i class=\"entypo-icon entypo-icon-check\"><\/i><span class=\"shapes\"><\/span><\/div><div class=\"iconlist-item-content\"><br \/>\nFINTRADE \u00cbSHT\u00cb DUKE TRAJNUAR DHE \u00c7ERTIFIKUAR EKIPIN E SAJ NGA KOMPANIT\u00cb KRYESORE T\u00cb BOT\u00cbS SI SIEMENS &amp; EMERSON, DUKE SIGURUAR OFRIMIN E NJ\u00cb SH\u00cbRBIMI PROFESIONAL N\u00cb \u00c7DO KOH\u00cb DHE KUDO.<\/div><\/li><li ><div class=\"iconlist-item-icon\"><i class=\"entypo-icon entypo-icon-check\"><\/i><span class=\"shapes\"><\/span><\/div><div class=\"iconlist-item-content\"><br \/>\nSHITUR MBI 500 N\u00cbNSTACIONE T\u00cb SHP\u00cbRNDARJES 20\/04 KV.<\/div><\/li><\/ul>[vc_empty_space][\/vc_column][\/vc_row]<\/p>\n","protected":false},"excerpt":{"rendered":"<p>[vc_row css=&#8221;.vc_custom_1510564995358{margin-right: 0px !important;margin-bottom: 50px !important;margin-left: 0px !important;padding-top: 80px !important;padding-right: 40px !important;padding-bottom: 80px !important;padding-left: 40px !important;background-image: url(https:\/\/fintrade.al\/media\/\/2017\/10\/slider_2.jpg?id=579) !important;background-position: center !important;background-repeat: no-repeat !important;background-size: cover !important;}&#8221;][vc_column width=&#8221;1\/2&#8243;][\/vc_column][vc_column width=&#8221;1\/2&#8243;][vc_column_text] Kompanit\u00eb m\u00eb t\u00eb m\u00ebdha n\u00eb tregun shqiptar kan\u00eb zgjedhur FINTRADEsi partner. [\/vc_column_text][\/vc_column][\/vc_row][vc_row][vc_column][vc_column_text]FINTRADE sh.pk \u00ebsht\u00eb nj\u00eb kompani shqiptare e vendosur n\u00eb Tiran\u00eb, me p\u00ebrvoj\u00eb t\u00eb suksesshme biznesi n\u00eb treg dhe [&hellip;]<\/p>\n","protected":false},"author":1,"featured_media":0,"parent":0,"menu_order":0,"comment_status":"closed","ping_status":"closed","template":"","meta":[],"acf":[],"yoast_head":"\n<title>P\u00ebrse Ne? - Fintrade<\/title>\n<meta name=\"description\" content=\"FINTRADE ltd is an Albanian company located in Tirana, with over seven years of successful business experience in the market. Highly ambitious as a company, it aims to supply and support the Albanian and Kosovo market with innovative and high-quality products and solutions in the following industries, Civil Works &amp; Infrastructure, Power Solutions, Water &amp; Waste Water Treatment Systems, Machinery &amp; Equipment.\" \/>\n<meta name=\"robots\" content=\"index, follow, max-snippet:-1, max-image-preview:large, max-video-preview:-1\" \/>\n<link rel=\"canonical\" href=\"https:\/\/fintrade.al\/sq\/perse-ne\/\" \/>\n<meta property=\"og:locale\" content=\"sq_AL\" \/>\n<meta property=\"og:type\" content=\"article\" \/>\n<meta property=\"og:title\" content=\"P\u00ebrse Ne? - Fintrade\" \/>\n<meta property=\"og:description\" content=\"FINTRADE ltd is an Albanian company located in Tirana, with over seven years of successful business experience in the market. Highly ambitious as a company, it aims to supply and support the Albanian and Kosovo market with innovative and high-quality products and solutions in the following industries, Civil Works &amp; Infrastructure, Power Solutions, Water &amp; Waste Water Treatment Systems, Machinery &amp; Equipment.\" \/>\n<meta property=\"og:url\" content=\"https:\/\/fintrade.al\/sq\/perse-ne\/\" \/>\n<meta property=\"og:site_name\" content=\"Fintrade\" \/>\n<meta property=\"article:modified_time\" content=\"2022-05-04T15:58:19+00:00\" \/>\n<meta name=\"twitter:card\" content=\"summary_large_image\" \/>\n<meta name=\"twitter:label1\" content=\"Est. reading time\" \/>\n\t<meta name=\"twitter:data1\" content=\"2 minutes\" \/>\n<script type=\"application\/ld+json\" class=\"yoast-schema-graph\">{\"@context\":\"https:\/\/schema.org\",\"@graph\":[{\"@type\":\"WebPage\",\"@id\":\"https:\/\/fintrade.al\/sq\/perse-ne\/\",\"url\":\"https:\/\/fintrade.al\/sq\/perse-ne\/\",\"name\":\"P\u00ebrse Ne? - Fintrade\",\"isPartOf\":{\"@id\":\"https:\/\/fintrade.al\/#website\"},\"datePublished\":\"2017-10-02T02:36:42+00:00\",\"dateModified\":\"2022-05-04T15:58:19+00:00\",\"description\":\"FINTRADE ltd is an Albanian company located in Tirana, with over seven years of successful business experience in the market. Highly ambitious as a company, it aims to supply and support the Albanian and Kosovo market with innovative and high-quality products and solutions in the following industries, Civil Works & Infrastructure, Power Solutions, Water & Waste Water Treatment Systems, Machinery & Equipment.\",\"breadcrumb\":{\"@id\":\"https:\/\/fintrade.al\/sq\/perse-ne\/#breadcrumb\"},\"inLanguage\":\"sq-AL\",\"potentialAction\":[{\"@type\":\"ReadAction\",\"target\":[\"https:\/\/fintrade.al\/sq\/perse-ne\/\"]}]},{\"@type\":\"BreadcrumbList\",\"@id\":\"https:\/\/fintrade.al\/sq\/perse-ne\/#breadcrumb\",\"itemListElement\":[{\"@type\":\"ListItem\",\"position\":1,\"name\":\"Home\",\"item\":\"https:\/\/fintrade.al\/sq\/kreu\/\"},{\"@type\":\"ListItem\",\"position\":2,\"name\":\"P\u00ebrse Ne?\"}]},{\"@type\":\"WebSite\",\"@id\":\"https:\/\/fintrade.al\/#website\",\"url\":\"https:\/\/fintrade.al\/\",\"name\":\"Fintrade\",\"description\":\"Turnkey Solution \u2013 Investment \u2013 Services\",\"publisher\":{\"@id\":\"https:\/\/fintrade.al\/#organization\"},\"potentialAction\":[{\"@type\":\"SearchAction\",\"target\":{\"@type\":\"EntryPoint\",\"urlTemplate\":\"https:\/\/fintrade.al\/?s={search_term_string}\"},\"query-input\":\"required name=search_term_string\"}],\"inLanguage\":\"sq-AL\"},{\"@type\":\"Organization\",\"@id\":\"https:\/\/fintrade.al\/#organization\",\"name\":\"Fintrade Albania\",\"url\":\"https:\/\/fintrade.al\/\",\"logo\":{\"@type\":\"ImageObject\",\"inLanguage\":\"sq-AL\",\"@id\":\"https:\/\/fintrade.al\/#\/schema\/logo\/image\/\",\"url\":\"https:\/\/fintrade.al\/media\/2022\/02\/fintrade-logo-160x50-1.png\",\"contentUrl\":\"https:\/\/fintrade.al\/media\/2022\/02\/fintrade-logo-160x50-1.png\",\"width\":160,\"height\":50,\"caption\":\"Fintrade Albania\"},\"image\":{\"@id\":\"https:\/\/fintrade.al\/#\/schema\/logo\/image\/\"}}]}<\/script>\n","yoast_head_json":{"title":"P\u00ebrse Ne? - Fintrade","description":"FINTRADE ltd is an Albanian company located in Tirana, with over seven years of successful business experience in the market. Highly ambitious as a company, it aims to supply and support the Albanian and Kosovo market with innovative and high-quality products and solutions in the following industries, Civil Works & Infrastructure, Power Solutions, Water & Waste Water Treatment Systems, Machinery & Equipment.","robots":{"index":"index","follow":"follow","max-snippet":"max-snippet:-1","max-image-preview":"max-image-preview:large","max-video-preview":"max-video-preview:-1"},"canonical":"https:\/\/fintrade.al\/sq\/perse-ne\/","og_locale":"sq_AL","og_type":"article","og_title":"P\u00ebrse Ne? - Fintrade","og_description":"FINTRADE ltd is an Albanian company located in Tirana, with over seven years of successful business experience in the market. Highly ambitious as a company, it aims to supply and support the Albanian and Kosovo market with innovative and high-quality products and solutions in the following industries, Civil Works & Infrastructure, Power Solutions, Water & Waste Water Treatment Systems, Machinery & Equipment.","og_url":"https:\/\/fintrade.al\/sq\/perse-ne\/","og_site_name":"Fintrade","article_modified_time":"2022-05-04T15:58:19+00:00","twitter_card":"summary_large_image","twitter_misc":{"Est. reading time":"2 minutes"},"schema":{"@context":"https:\/\/schema.org","@graph":[{"@type":"WebPage","@id":"https:\/\/fintrade.al\/sq\/perse-ne\/","url":"https:\/\/fintrade.al\/sq\/perse-ne\/","name":"P\u00ebrse Ne? - Fintrade","isPartOf":{"@id":"https:\/\/fintrade.al\/#website"},"datePublished":"2017-10-02T02:36:42+00:00","dateModified":"2022-05-04T15:58:19+00:00","description":"FINTRADE ltd is an Albanian company located in Tirana, with over seven years of successful business experience in the market. Highly ambitious as a company, it aims to supply and support the Albanian and Kosovo market with innovative and high-quality products and solutions in the following industries, Civil Works & Infrastructure, Power Solutions, Water & Waste Water Treatment Systems, Machinery & Equipment.","breadcrumb":{"@id":"https:\/\/fintrade.al\/sq\/perse-ne\/#breadcrumb"},"inLanguage":"sq-AL","potentialAction":[{"@type":"ReadAction","target":["https:\/\/fintrade.al\/sq\/perse-ne\/"]}]},{"@type":"BreadcrumbList","@id":"https:\/\/fintrade.al\/sq\/perse-ne\/#breadcrumb","itemListElement":[{"@type":"ListItem","position":1,"name":"Home","item":"https:\/\/fintrade.al\/sq\/kreu\/"},{"@type":"ListItem","position":2,"name":"P\u00ebrse Ne?"}]},{"@type":"WebSite","@id":"https:\/\/fintrade.al\/#website","url":"https:\/\/fintrade.al\/","name":"Fintrade","description":"Turnkey Solution \u2013 Investment \u2013 Services","publisher":{"@id":"https:\/\/fintrade.al\/#organization"},"potentialAction":[{"@type":"SearchAction","target":{"@type":"EntryPoint","urlTemplate":"https:\/\/fintrade.al\/?s={search_term_string}"},"query-input":"required name=search_term_string"}],"inLanguage":"sq-AL"},{"@type":"Organization","@id":"https:\/\/fintrade.al\/#organization","name":"Fintrade Albania","url":"https:\/\/fintrade.al\/","logo":{"@type":"ImageObject","inLanguage":"sq-AL","@id":"https:\/\/fintrade.al\/#\/schema\/logo\/image\/","url":"https:\/\/fintrade.al\/media\/2022\/02\/fintrade-logo-160x50-1.png","contentUrl":"https:\/\/fintrade.al\/media\/2022\/02\/fintrade-logo-160x50-1.png","width":160,"height":50,"caption":"Fintrade Albania"},"image":{"@id":"https:\/\/fintrade.al\/#\/schema\/logo\/image\/"}}]}},"_links":{"self":[{"href":"https:\/\/fintrade.al\/sq\/wp-json\/wp\/v2\/pages\/2356"}],"collection":[{"href":"https:\/\/fintrade.al\/sq\/wp-json\/wp\/v2\/pages"}],"about":[{"href":"https:\/\/fintrade.al\/sq\/wp-json\/wp\/v2\/types\/page"}],"author":[{"embeddable":true,"href":"https:\/\/fintrade.al\/sq\/wp-json\/wp\/v2\/users\/1"}],"replies":[{"embeddable":true,"href":"https:\/\/fintrade.al\/sq\/wp-json\/wp\/v2\/comments?post=2356"}],"version-history":[{"count":8,"href":"https:\/\/fintrade.al\/sq\/wp-json\/wp\/v2\/pages\/2356\/revisions"}],"predecessor-version":[{"id":2522,"href":"https:\/\/fintrade.al\/sq\/wp-json\/wp\/v2\/pages\/2356\/revisions\/2522"}],"wp:attachment":[{"href":"https:\/\/fintrade.al\/sq\/wp-json\/wp\/v2\/media?parent=2356"}],"curies":[{"name":"wp","href":"https:\/\/api.w.org\/{rel}","templated":true}]}}