{"id":2498,"date":"2017-10-02T02:34:01","date_gmt":"2017-10-02T02:34:01","guid":{"rendered":"https:\/\/fintrade.al\/karriera\/"},"modified":"2022-05-03T23:23:31","modified_gmt":"2022-05-03T23:23:31","slug":"karriera","status":"publish","type":"page","link":"https:\/\/fintrade.al\/sq\/karriera\/","title":{"rendered":"Karriera"},"content":{"rendered":"<p>[vc_row css=&#8221;.vc_custom_1510627278571{margin-right: 0px !important;margin-left: 0px !important;padding-top: 80px !important;padding-bottom: 80px !important;background-image: url(https:\/\/fintrade.al\/media\/\/2017\/10\/architecture-construction-safety-first-career-PASWK691.jpg?id=321) !important;background-position: center !important;background-repeat: no-repeat !important;background-size: cover !important;}&#8221;][vc_column width=&#8221;1\/12&#8243;][\/vc_column][vc_column width=&#8221;5\/6&#8243;][vc_row_inner][vc_column_inner width=&#8221;1\/3&#8243;]<div class=\"counter shadow  vc_custom_1648626760193\"><div class=\"counter-image\"><i class=\"entypo-icon entypo-icon-network\"><\/i><\/div> <div class=\"counter-detail\">\n\t\t<h3 class=\"counter-content\">\n\t\t\t<span class=\"counter-prefix\"><\/span><span class=\"counter-value\" data-from=\"0\" data-to=\"2\" data-speed=\"1000\">0<\/span><span class=\"counter-suffix\">+<\/span>\n\t\t<\/h3>\n\t<div class=\"counter-title\">Vendet<\/div><\/div><\/div>[\/vc_column_inner][vc_column_inner width=&#8221;1\/3&#8243;]<div class=\"counter shadow  vc_custom_1648626767868\"><div class=\"counter-image\"><i class=\"entypo-icon entypo-icon-star\"><\/i><\/div> <div class=\"counter-detail\">\n\t\t<h3 class=\"counter-content\">\n\t\t\t<span class=\"counter-prefix\"><\/span><span class=\"counter-value\" data-from=\"0\" data-to=\"4\" data-speed=\"1000\">0<\/span><span class=\"counter-suffix\">+<\/span>\n\t\t<\/h3>\n\t<div class=\"counter-title\">Industrit\u00eb<\/div><\/div><\/div>[\/vc_column_inner][vc_column_inner width=&#8221;1\/3&#8243;]<div class=\"counter shadow  vc_custom_1510625812030\"><div class=\"counter-image\"><i class=\"entypo-icon entypo-icon-user\"><\/i><\/div> <div class=\"counter-detail\">\n\t\t<h3 class=\"counter-content\">\n\t\t\t<span class=\"counter-prefix\"><\/span><span class=\"counter-value\" data-from=\"0\" data-to=\"1\" data-speed=\"1000\">0<\/span><span class=\"counter-suffix\"><\/span>\n\t\t<\/h3>\n\t<div class=\"counter-title\">Ti<\/div><\/div><\/div>[\/vc_column_inner][\/vc_row_inner][\/vc_column][vc_column width=&#8221;1\/12&#8243;][\/vc_column][\/vc_row][vc_row][vc_column][vc_tta_accordion title_tag=&#8221;h4&#8243; active_section=&#8221;1&#8243; title=&#8221;Ekipi i FINTRADE \u00ebsht\u00eb gjithmon\u00eb i p\u00ebrkushtuar p\u00ebr t\u00eb ofruar performanc\u00ebn m\u00eb t\u00eb mir\u00eb p\u00ebr t\u00eb tejkaluar pritshm\u00ebrit\u00eb e klient\u00ebve tan\u00eb.&#8221;][vc_tta_section title=&#8221;Pozicionet e hapura &#8211; 0&#8243; tab_id=&#8221;1510627051906-7a57f4fe-26a4&#8243;][vc_row_inner][vc_column_inner width=&#8221;1\/2&#8243;][vc_column_text]Aktualisht, Fintrade LTD nuk ka asnj\u00eb pozicion t\u00eb hapur n\u00eb dispozicion.<\/p>\n<p>Ju lutemi, kontrolloni p\u00ebrs\u00ebri n\u00eb t\u00eb ardhmen ose Regjistrohuni n\u00eb buletinin ton\u00eb.[\/vc_column_text][\/vc_column_inner][vc_column_inner width=&#8221;1\/2&#8243;][vc_column_text]<\/p>\n<p style=\"text-align: right;\"><a class=\"link\" href=\"https:\/\/fintrade.al\/sq\/na-kontaktoni\/\">Apliko Tani<\/a><\/p>\n<p>[\/vc_column_text][\/vc_column_inner][\/vc_row_inner][\/vc_tta_section][\/vc_tta_accordion][\/vc_column][\/vc_row]<\/p>\n","protected":false},"excerpt":{"rendered":"<p>[vc_row css=&#8221;.vc_custom_1510627278571{margin-right: 0px !important;margin-left: 0px !important;padding-top: 80px !important;padding-bottom: 80px !important;background-image: url(https:\/\/fintrade.al\/media\/\/2017\/10\/architecture-construction-safety-first-career-PASWK691.jpg?id=321) !important;background-position: center !important;background-repeat: no-repeat !important;background-size: cover !important;}&#8221;][vc_column width=&#8221;1\/12&#8243;][\/vc_column][vc_column width=&#8221;5\/6&#8243;][vc_row_inner][vc_column_inner width=&#8221;1\/3&#8243;][\/vc_column_inner][vc_column_inner width=&#8221;1\/3&#8243;][\/vc_column_inner][vc_column_inner width=&#8221;1\/3&#8243;][\/vc_column_inner][\/vc_row_inner][\/vc_column][vc_column width=&#8221;1\/12&#8243;][\/vc_column][\/vc_row][vc_row][vc_column][vc_tta_accordion title_tag=&#8221;h4&#8243; active_section=&#8221;1&#8243; title=&#8221;Ekipi i FINTRADE \u00ebsht\u00eb gjithmon\u00eb i p\u00ebrkushtuar p\u00ebr t\u00eb ofruar performanc\u00ebn m\u00eb t\u00eb mir\u00eb p\u00ebr t\u00eb tejkaluar pritshm\u00ebrit\u00eb e klient\u00ebve tan\u00eb.&#8221;][vc_tta_section title=&#8221;Pozicionet e hapura &#8211; 0&#8243; tab_id=&#8221;1510627051906-7a57f4fe-26a4&#8243;][vc_row_inner][vc_column_inner width=&#8221;1\/2&#8243;][vc_column_text]Aktualisht, Fintrade [&hellip;]<\/p>\n","protected":false},"author":1,"featured_media":0,"parent":0,"menu_order":0,"comment_status":"closed","ping_status":"closed","template":"","meta":[],"acf":[],"yoast_head":"\n<title>Karriera - Fintrade<\/title>\n<meta name=\"description\" content=\"FINTRADE ltd is an Albanian company located in Tirana, with over seven years of successful business experience in the market. Highly ambitious as a company, it aims to supply and support the Albanian and Kosovo market with innovative and high-quality products and solutions in the following industries, Civil Works &amp; Infrastructure, Power Solutions, Water &amp; Waste Water Treatment Systems, Machinery &amp; Equipment.\" \/>\n<meta name=\"robots\" content=\"index, follow, max-snippet:-1, max-image-preview:large, max-video-preview:-1\" \/>\n<link rel=\"canonical\" href=\"https:\/\/fintrade.al\/sq\/karriera\/\" \/>\n<meta property=\"og:locale\" content=\"sq_AL\" \/>\n<meta property=\"og:type\" content=\"article\" \/>\n<meta property=\"og:title\" content=\"Karriera - Fintrade\" \/>\n<meta property=\"og:description\" content=\"FINTRADE ltd is an Albanian company located in Tirana, with over seven years of successful business experience in the market. Highly ambitious as a company, it aims to supply and support the Albanian and Kosovo market with innovative and high-quality products and solutions in the following industries, Civil Works &amp; Infrastructure, Power Solutions, Water &amp; Waste Water Treatment Systems, Machinery &amp; Equipment.\" \/>\n<meta property=\"og:url\" content=\"https:\/\/fintrade.al\/sq\/karriera\/\" \/>\n<meta property=\"og:site_name\" content=\"Fintrade\" \/>\n<meta property=\"article:modified_time\" content=\"2022-05-03T23:23:31+00:00\" \/>\n<meta name=\"twitter:card\" content=\"summary_large_image\" \/>\n<meta name=\"twitter:label1\" content=\"Est. reading time\" \/>\n\t<meta name=\"twitter:data1\" content=\"1 minute\" \/>\n<script type=\"application\/ld+json\" class=\"yoast-schema-graph\">{\"@context\":\"https:\/\/schema.org\",\"@graph\":[{\"@type\":\"WebPage\",\"@id\":\"https:\/\/fintrade.al\/sq\/karriera\/\",\"url\":\"https:\/\/fintrade.al\/sq\/karriera\/\",\"name\":\"Karriera - Fintrade\",\"isPartOf\":{\"@id\":\"https:\/\/fintrade.al\/#website\"},\"datePublished\":\"2017-10-02T02:34:01+00:00\",\"dateModified\":\"2022-05-03T23:23:31+00:00\",\"description\":\"FINTRADE ltd is an Albanian company located in Tirana, with over seven years of successful business experience in the market. Highly ambitious as a company, it aims to supply and support the Albanian and Kosovo market with innovative and high-quality products and solutions in the following industries, Civil Works & Infrastructure, Power Solutions, Water & Waste Water Treatment Systems, Machinery & Equipment.\",\"breadcrumb\":{\"@id\":\"https:\/\/fintrade.al\/sq\/karriera\/#breadcrumb\"},\"inLanguage\":\"sq-AL\",\"potentialAction\":[{\"@type\":\"ReadAction\",\"target\":[\"https:\/\/fintrade.al\/sq\/karriera\/\"]}]},{\"@type\":\"BreadcrumbList\",\"@id\":\"https:\/\/fintrade.al\/sq\/karriera\/#breadcrumb\",\"itemListElement\":[{\"@type\":\"ListItem\",\"position\":1,\"name\":\"Home\",\"item\":\"https:\/\/fintrade.al\/sq\/kreu\/\"},{\"@type\":\"ListItem\",\"position\":2,\"name\":\"Karriera\"}]},{\"@type\":\"WebSite\",\"@id\":\"https:\/\/fintrade.al\/#website\",\"url\":\"https:\/\/fintrade.al\/\",\"name\":\"Fintrade\",\"description\":\"Turnkey Solution \u2013 Investment \u2013 Services\",\"publisher\":{\"@id\":\"https:\/\/fintrade.al\/#organization\"},\"potentialAction\":[{\"@type\":\"SearchAction\",\"target\":{\"@type\":\"EntryPoint\",\"urlTemplate\":\"https:\/\/fintrade.al\/?s={search_term_string}\"},\"query-input\":\"required name=search_term_string\"}],\"inLanguage\":\"sq-AL\"},{\"@type\":\"Organization\",\"@id\":\"https:\/\/fintrade.al\/#organization\",\"name\":\"Fintrade Albania\",\"url\":\"https:\/\/fintrade.al\/\",\"logo\":{\"@type\":\"ImageObject\",\"inLanguage\":\"sq-AL\",\"@id\":\"https:\/\/fintrade.al\/#\/schema\/logo\/image\/\",\"url\":\"https:\/\/fintrade.al\/media\/2022\/02\/fintrade-logo-160x50-1.png\",\"contentUrl\":\"https:\/\/fintrade.al\/media\/2022\/02\/fintrade-logo-160x50-1.png\",\"width\":160,\"height\":50,\"caption\":\"Fintrade Albania\"},\"image\":{\"@id\":\"https:\/\/fintrade.al\/#\/schema\/logo\/image\/\"}}]}<\/script>\n","yoast_head_json":{"title":"Karriera - Fintrade","description":"FINTRADE ltd is an Albanian company located in Tirana, with over seven years of successful business experience in the market. Highly ambitious as a company, it aims to supply and support the Albanian and Kosovo market with innovative and high-quality products and solutions in the following industries, Civil Works & Infrastructure, Power Solutions, Water & Waste Water Treatment Systems, Machinery & Equipment.","robots":{"index":"index","follow":"follow","max-snippet":"max-snippet:-1","max-image-preview":"max-image-preview:large","max-video-preview":"max-video-preview:-1"},"canonical":"https:\/\/fintrade.al\/sq\/karriera\/","og_locale":"sq_AL","og_type":"article","og_title":"Karriera - Fintrade","og_description":"FINTRADE ltd is an Albanian company located in Tirana, with over seven years of successful business experience in the market. Highly ambitious as a company, it aims to supply and support the Albanian and Kosovo market with innovative and high-quality products and solutions in the following industries, Civil Works & Infrastructure, Power Solutions, Water & Waste Water Treatment Systems, Machinery & Equipment.","og_url":"https:\/\/fintrade.al\/sq\/karriera\/","og_site_name":"Fintrade","article_modified_time":"2022-05-03T23:23:31+00:00","twitter_card":"summary_large_image","twitter_misc":{"Est. reading time":"1 minute"},"schema":{"@context":"https:\/\/schema.org","@graph":[{"@type":"WebPage","@id":"https:\/\/fintrade.al\/sq\/karriera\/","url":"https:\/\/fintrade.al\/sq\/karriera\/","name":"Karriera - Fintrade","isPartOf":{"@id":"https:\/\/fintrade.al\/#website"},"datePublished":"2017-10-02T02:34:01+00:00","dateModified":"2022-05-03T23:23:31+00:00","description":"FINTRADE ltd is an Albanian company located in Tirana, with over seven years of successful business experience in the market. Highly ambitious as a company, it aims to supply and support the Albanian and Kosovo market with innovative and high-quality products and solutions in the following industries, Civil Works & Infrastructure, Power Solutions, Water & Waste Water Treatment Systems, Machinery & Equipment.","breadcrumb":{"@id":"https:\/\/fintrade.al\/sq\/karriera\/#breadcrumb"},"inLanguage":"sq-AL","potentialAction":[{"@type":"ReadAction","target":["https:\/\/fintrade.al\/sq\/karriera\/"]}]},{"@type":"BreadcrumbList","@id":"https:\/\/fintrade.al\/sq\/karriera\/#breadcrumb","itemListElement":[{"@type":"ListItem","position":1,"name":"Home","item":"https:\/\/fintrade.al\/sq\/kreu\/"},{"@type":"ListItem","position":2,"name":"Karriera"}]},{"@type":"WebSite","@id":"https:\/\/fintrade.al\/#website","url":"https:\/\/fintrade.al\/","name":"Fintrade","description":"Turnkey Solution \u2013 Investment \u2013 Services","publisher":{"@id":"https:\/\/fintrade.al\/#organization"},"potentialAction":[{"@type":"SearchAction","target":{"@type":"EntryPoint","urlTemplate":"https:\/\/fintrade.al\/?s={search_term_string}"},"query-input":"required name=search_term_string"}],"inLanguage":"sq-AL"},{"@type":"Organization","@id":"https:\/\/fintrade.al\/#organization","name":"Fintrade Albania","url":"https:\/\/fintrade.al\/","logo":{"@type":"ImageObject","inLanguage":"sq-AL","@id":"https:\/\/fintrade.al\/#\/schema\/logo\/image\/","url":"https:\/\/fintrade.al\/media\/2022\/02\/fintrade-logo-160x50-1.png","contentUrl":"https:\/\/fintrade.al\/media\/2022\/02\/fintrade-logo-160x50-1.png","width":160,"height":50,"caption":"Fintrade Albania"},"image":{"@id":"https:\/\/fintrade.al\/#\/schema\/logo\/image\/"}}]}},"_links":{"self":[{"href":"https:\/\/fintrade.al\/sq\/wp-json\/wp\/v2\/pages\/2498"}],"collection":[{"href":"https:\/\/fintrade.al\/sq\/wp-json\/wp\/v2\/pages"}],"about":[{"href":"https:\/\/fintrade.al\/sq\/wp-json\/wp\/v2\/types\/page"}],"author":[{"embeddable":true,"href":"https:\/\/fintrade.al\/sq\/wp-json\/wp\/v2\/users\/1"}],"replies":[{"embeddable":true,"href":"https:\/\/fintrade.al\/sq\/wp-json\/wp\/v2\/comments?post=2498"}],"version-history":[{"count":5,"href":"https:\/\/fintrade.al\/sq\/wp-json\/wp\/v2\/pages\/2498\/revisions"}],"predecessor-version":[{"id":2509,"href":"https:\/\/fintrade.al\/sq\/wp-json\/wp\/v2\/pages\/2498\/revisions\/2509"}],"wp:attachment":[{"href":"https:\/\/fintrade.al\/sq\/wp-json\/wp\/v2\/media?parent=2498"}],"curies":[{"name":"wp","href":"https:\/\/api.w.org\/{rel}","templated":true}]}}